{"id":1597,"date":"2018-07-08T12:46:19","date_gmt":"2018-07-08T12:46:19","guid":{"rendered":"http:\/\/www.joanpallaresserrano.com\/?page_id=1597"},"modified":"2018-07-08T12:48:08","modified_gmt":"2018-07-08T12:48:08","slug":"toxina-botulinica","status":"publish","type":"page","link":"https:\/\/www.joanpallaresserrano.com\/ca\/tractaments-i-operacions\/tractaments-facials\/toxina-botulinica\/","title":{"rendered":"Toxina Botul\u00ednica"},"content":{"rendered":"\n<style type=\"text\/css\" data-created_by=\"avia_inline_auto\" id=\"style-css-av-jinj854f-d2cac4b6f5573b2aa7cbc6931a3e2574\">\n.avia-section.av-jinj854f-d2cac4b6f5573b2aa7cbc6931a3e2574{\nbackground-repeat:no-repeat;\nbackground-image:url(https:\/\/www.joanpallaresserrano.com\/wp-content\/uploads\/2018\/06\/cirurgia-plastica-barcelona-joan-pallares-serrano-3.jpg);\nbackground-position:50% 50%;\nbackground-attachment:fixed;\n}\n.avia-section.av-jinj854f-d2cac4b6f5573b2aa7cbc6931a3e2574 .av-section-color-overlay{\nopacity:0.5;\nbackground-color:#7bb0e7;\n}\n<\/style>\n<div id='av_section_1'  class='avia-section av-jinj854f-d2cac4b6f5573b2aa7cbc6931a3e2574 main_color avia-section-default avia-no-border-styling  avia-builder-el-0  el_before_av_section  avia-builder-el-first  avia-full-stretch avia-bg-style-fixed av-section-color-overlay-active container_wrap sidebar_right'  data-section-bg-repeat='stretch'><div class=\"av-section-color-overlay-wrap\"><div class=\"av-section-color-overlay\"><\/div><div class='container av-section-cont-open' ><main  role=\"main\" itemprop=\"mainContentOfPage\"  class='template-page content  av-content-small alpha units'><div class='post-entry post-entry-type-page post-entry-1597'><div class='entry-content-wrapper clearfix'>\n\n<style type=\"text\/css\" data-created_by=\"avia_inline_auto\" id=\"style-css-av-3uwgbq-cca9afcebf74aca460c4b2d726e89bed\">\n.flex_column.av-3uwgbq-cca9afcebf74aca460c4b2d726e89bed{\nborder-radius:0px 0px 0px 0px;\n-webkit-border-radius:0px 0px 0px 0px;\n-moz-border-radius:0px 0px 0px 0px;\n}\n<\/style>\n<div class='flex_column av-3uwgbq-cca9afcebf74aca460c4b2d726e89bed av_one_fourth  avia-builder-el-1  el_before_av_one_half  avia-builder-el-first  first flex_column_div av-zero-column-padding '   ><\/div>\n<style type=\"text\/css\" data-created_by=\"avia_inline_auto\" id=\"style-css-av-jinjb1om-a4af71c6d9d2c743bfe646cb0ce1a069\">\n.flex_column.av-jinjb1om-a4af71c6d9d2c743bfe646cb0ce1a069{\nborder-radius:0px 0px 0px 0px;\n-webkit-border-radius:0px 0px 0px 0px;\n-moz-border-radius:0px 0px 0px 0px;\nbackground-color:rgba(255,255,255,0.5);\n}\n<\/style>\n<div class='flex_column av-jinjb1om-a4af71c6d9d2c743bfe646cb0ce1a069 av_one_half  avia-builder-el-2  el_after_av_one_fourth  el_before_av_one_fourth  flex_column_div av-zero-column-padding '   ><style type=\"text\/css\" data-created_by=\"avia_inline_auto\" id=\"style-css-av-jjctzvab-69dd4fee5be5e424c31a1a738295f0c4\">\n#top .av-special-heading.av-jjctzvab-69dd4fee5be5e424c31a1a738295f0c4{\npadding-bottom:10px;\nfont-size:40px;\n}\nbody .av-special-heading.av-jjctzvab-69dd4fee5be5e424c31a1a738295f0c4 .av-special-heading-tag .heading-char{\nfont-size:25px;\n}\n#top #wrap_all .av-special-heading.av-jjctzvab-69dd4fee5be5e424c31a1a738295f0c4 .av-special-heading-tag{\nfont-size:40px;\n}\n.av-special-heading.av-jjctzvab-69dd4fee5be5e424c31a1a738295f0c4 .av-subheading{\nfont-size:15px;\n}\n<\/style>\n<div  class='av-special-heading av-jjctzvab-69dd4fee5be5e424c31a1a738295f0c4 av-special-heading-h1 blockquote modern-quote modern-centered  avia-builder-el-3  avia-builder-el-no-sibling  av-inherit-size'><h1 class='av-special-heading-tag'  itemprop=\"headline\"  >Toxina Botul\u00ednica<\/h1><div class='av-subheading av-subheading_below'><p>Tractaments Facials<\/p>\n<\/div><div class=\"special-heading-border\"><div class=\"special-heading-inner-border\"><\/div><\/div><\/div><\/div>\n<style type=\"text\/css\" data-created_by=\"avia_inline_auto\" id=\"style-css-av-306hie-3fb200c9d22fb1b1ed7793714440e285\">\n.flex_column.av-306hie-3fb200c9d22fb1b1ed7793714440e285{\nborder-radius:0px 0px 0px 0px;\n-webkit-border-radius:0px 0px 0px 0px;\n-moz-border-radius:0px 0px 0px 0px;\n}\n<\/style>\n<div class='flex_column av-306hie-3fb200c9d22fb1b1ed7793714440e285 av_one_fourth  avia-builder-el-4  el_after_av_one_half  avia-builder-el-last  flex_column_div av-zero-column-padding '   ><\/div>\n\n<\/div><\/div><\/main><!-- close content main element --><\/div><\/div><\/div>\n<style type=\"text\/css\" data-created_by=\"avia_inline_auto\" id=\"style-css-av-2bd50m-d7f28889812d203f5a44d6998992e6a8\">\n.avia-section.av-2bd50m-d7f28889812d203f5a44d6998992e6a8{\nbackground-color:#fcfcfc;\nbackground-image:unset;\n}\n<\/style>\n<div id='av_section_2'  class='avia-section av-2bd50m-d7f28889812d203f5a44d6998992e6a8 main_color avia-section-default avia-no-border-styling  avia-builder-el-5  el_after_av_section  el_before_av_heading  avia-bg-style-scroll container_wrap sidebar_right'  ><div class='container av-section-cont-open' ><div class='template-page content  av-content-small alpha units'><div class='post-entry post-entry-type-page post-entry-1597'><div class='entry-content-wrapper clearfix'>\n\n<style type=\"text\/css\" data-created_by=\"avia_inline_auto\" id=\"style-css-av-7t2zau-6f2cb7d50f1e0c1fa52bba3e9d56b1bc\">\n.flex_column.av-7t2zau-6f2cb7d50f1e0c1fa52bba3e9d56b1bc{\nborder-width:1px;\nborder-style:solid;\nborder-radius:20px 20px 20px 20px;\n-webkit-border-radius:20px 20px 20px 20px;\n-moz-border-radius:20px 20px 20px 20px;\npadding:20px 20px 20px 20px;\nbackground-color:#ffffff;\n}\n<\/style>\n<div class='flex_column av-7t2zau-6f2cb7d50f1e0c1fa52bba3e9d56b1bc av_two_third  avia-builder-el-6  el_before_av_one_third  avia-builder-el-first  first flex_column_div '   ><style type=\"text\/css\" data-created_by=\"avia_inline_auto\" id=\"style-css-av-jinjdjht-061e59e7ba3717143748c7782f639fe7\">\n#top .av_textblock_section.av-jinjdjht-061e59e7ba3717143748c7782f639fe7 .avia_textblock{\nfont-size:16px;\n}\n<\/style>\n<section  class='av_textblock_section av-jinjdjht-061e59e7ba3717143748c7782f639fe7'  itemscope=\"itemscope\" itemtype=\"https:\/\/schema.org\/CreativeWork\" ><div class='avia_textblock'  itemprop=\"text\" ><p style=\"text-align: justify;\"><strong>TOXINA BOTUL\u00cdNICA<\/strong><\/p>\n<p style=\"text-align: justify;\">\u00a0Les arrugues facials d&#8217;expressi\u00f3 s\u00f3n causades per la contracci\u00f3 dels delicats m\u00fasculs que es troben sota la pell, cada vegada que vost\u00e8 somriu, riu, plora o simplement arrufa les celles. Es produeixen en forma involunt\u00e0ria i com m\u00e9s expressiva \u00e9s amb la seva cara, m\u00e9s marcades i profundes seran aquestes l\u00ednies.<\/p>\n<p style=\"text-align: justify;\">La toxina botul\u00ednica ha demostrat ser un tractament segur i efica\u00e7 per evitar la contracci\u00f3 dels m\u00fasculs facials on s&#8217;aplica i per tant disminuir o eliminar transit\u00f2riament les arrugues din\u00e0miques de la cara. \u00c9s un m\u00e8tode no quir\u00fargic, d&#8217;acci\u00f3 local i d&#8217;efecte transitori.<\/p>\n<p style=\"text-align: justify;\">La toxina botul\u00ednica \u00e9s un potent inhibidor neuromuscular local. Petites dosis d&#8217;aquesta subst\u00e0ncia aplicades en un m\u00fascul facial, inhibeixen l&#8217;alliberament de l&#8217;impuls nervi\u00f3s, permetent, en conseq\u00fc\u00e8ncia, la seva relaxaci\u00f3.<\/p>\n<p style=\"text-align: justify;\">En est\u00e8tica s&#8217;utilitza tamb\u00e9 per al tractament de les arrugues d&#8217;expressi\u00f3 com per al tractament de la hiperhidrosi (exc\u00e9s de sudoraci\u00f3) en aixelles, mans i pies.Las arrugues que b\u00e0sicament es tracten amb la toxina botul\u00ednica s\u00f3n les de l&#8217;entrecella, les arrugues de el front i les potes de gall.<\/p>\n<p style=\"text-align: justify;\">Hi ha altres indicacions, com les arrugues de llavi superior o inferior o coll, per\u00f2 el seu resultat no \u00e9s tan segur i dep\u00e8n de cada pacient en particular. \u00c9s important comprendre que el tractament amb la toxina \u00e9s un m\u00e8tode no quir\u00fargic, que no bloqueja l&#8217;activitat muscular, \u00e9s d&#8217;acci\u00f3 local i ni el nervi ni el m\u00fascul es veuen afectats. Les dosis utilitzades en est\u00e8tica, s\u00f3n molt menors que les que s&#8217;utilitzen en altres especialitats.<\/p>\n<p style=\"text-align: justify;\">Nom\u00e9s actua sobre les arrugues din\u00e0miques o d&#8217;expressi\u00f3, i no sobre les arrugues causades per l&#8217;envelliment o pel sol, ja que aquestes no estan relacionades amb les contraccions dels m\u00fasculs facials. O sigui no millora la pell envellida, no reempla\u00e7a al l\u00edfting o als tractaments amb L\u00e0ser, per contra \u00e9s un excel\u00b7lent complement dels mateixos<\/p>\n<p style=\"text-align: justify;\">El tractament \u00e9s simple i consisteix en injectar una dosi molt petita en el m\u00fascul que volem tractar. Depenent del tipus de m\u00fascul, les punxades seran un o diversos i com s&#8217;utilitza una micro agulla, molt petita, s\u00f3n pr\u00e0cticament indolors. No es requereix anest\u00e8sia i es pot reintegrar a les seves tasques habituals, immediatament despr\u00e9s de l&#8217;aplicaci\u00f3.<\/p>\n<p style=\"text-align: justify;\">\u00a0L&#8217;efecte de la toxina \u00e9s transitori, dura aproximadament entre 4 i 6 mesos, per la qual cosa es requereixen retocs despr\u00e9s d&#8217;aquest temps. La durada dels beneficis augmenta amb el temps, de manera que en el futur es requeriran aplicacions de manera mes espaiades.<\/p>\n<p style=\"text-align: justify;\">\u00c9s important tenir en compte que la for\u00e7a muscular varia d&#8217;una persona a una altra, i l&#8217;efecte no ser\u00e0 igual en tots els pacients. Aquesta difer\u00e8ncia es pot veure tant en la pot\u00e8ncia, extensi\u00f3 i durada de l&#8217;efecte. Alguns pacients responen al tractament immediatament, mentre que en altres triga diversos dies, aix\u00ed mateix, pot existir una correcci\u00f3 completa des de la primera injecci\u00f3 o b\u00e9 observar difer\u00e8ncies per zones.<\/p>\n<p style=\"text-align: justify;\">\u00a0De vegades s&#8217;atenuen les arrugues per\u00f2 la for\u00e7a de contracci\u00f3 no desapareix totalment.<\/p>\n<p style=\"text-align: justify;\">La pell de la zona tractada roman llisa i sense arrugues, mentre que els m\u00fasculs facials que no van ser tractats, es contrauen amb normalitat, sense afectar les expressions de la cara. Si vost\u00e8 \u00e9s molt expressiva amb la seva cara i gesticula molt, segur que tindr\u00e0 arrugues i solcs com a conseq\u00fc\u00e8ncia d&#8217;aix\u00f2, sobretot a la zona superior de la cara. En aquest cas el tractament ideal \u00e9s l&#8217;aplicaci\u00f3 de la toxina.<\/p>\n<p style=\"text-align: justify;\">L&#8217;aplicaci\u00f3 de la toxina no atura l&#8217;envelliment ni retrocedeix el temps, per\u00f2 pot donar-li un aspecte m\u00e9s juvenil i ufan\u00f3s. Sobretot not\u00e9s posseir una mirada m\u00e9s agradable, com si els ulls estiguessin m\u00e9s oberts.<\/p>\n<\/div><\/section><\/div>\n<style type=\"text\/css\" data-created_by=\"avia_inline_auto\" id=\"style-css-av-5prn9y-4a42cbc06ba440806ac4aa62cda3c7e4\">\n.flex_column.av-5prn9y-4a42cbc06ba440806ac4aa62cda3c7e4{\nborder-width:1px;\nborder-color:#fcfcfc;\nborder-style:solid;\nborder-radius:0px 0px 0px 0px;\n-webkit-border-radius:0px 0px 0px 0px;\n-moz-border-radius:0px 0px 0px 0px;\npadding:10px 10px 10px 10px;\nbackground-color:#fcfcfc;\n}\n<\/style>\n<div class='flex_column av-5prn9y-4a42cbc06ba440806ac4aa62cda3c7e4 av_one_third  avia-builder-el-8  el_after_av_two_third  avia-builder-el-last  flex_column_div '   ><p><div  class='avia-video av-3lfnt2-34f6467c16ae62cec25694dda0c7045f avia-video-16-9 av-no-preview-image avia-video-load-always av-lazyload-immediate av-lazyload-video-embed'  itemprop=\"video\" itemtype=\"https:\/\/schema.org\/VideoObject\"  data-original_url='https:\/\/www.youtube.com\/watch?v=f3lZT-NLG-A'><script type='text\/html' class='av-video-tmpl'><div class='avia-iframe-wrap'><iframe loading=\"lazy\" width=\"1500\" height=\"844\" src=\"https:\/\/www.youtube.com\/embed\/f3lZT-NLG-A?feature=oembed&autoplay=0&loop=0&controls=1&mute=0\" frameborder=\"0\" allow=\"autoplay; encrypted-media\" allowfullscreen><\/iframe><\/div><\/script><div class='av-click-to-play-overlay'><div class=\"avia_playpause_icon\"><\/div><\/div><\/div><br \/>\n<div  class='hr av-9oqwm-3ffea69ddba58eb099ef009272344f03 hr-default  avia-builder-el-10  el_after_av_video  el_before_av_textblock '><span class='hr-inner '><span class=\"hr-inner-style\"><\/span><\/span><\/div><br \/>\n<section  class='av_textblock_section av-jjbl0nd7-cabcf0f1994a2ef9145902aae1d6b3b0'  itemscope=\"itemscope\" itemtype=\"https:\/\/schema.org\/CreativeWork\" ><div class='avia_textblock'  itemprop=\"text\" ><div role=\"form\" class=\"wpcf7\" id=\"wpcf7-f1484-o1\" lang=\"es-ES\" dir=\"ltr\">\n<div class=\"screen-reader-response\"><p role=\"status\" aria-live=\"polite\" aria-atomic=\"true\"><\/p> <ul><\/ul><\/div>\n<form action=\"\/ca\/wp-json\/wp\/v2\/pages\/1597#wpcf7-f1484-o1\" method=\"post\" class=\"wpcf7-form init\" novalidate=\"novalidate\" data-status=\"init\">\n<div style=\"display: none;\">\n<input type=\"hidden\" name=\"_wpcf7\" value=\"1484\" \/>\n<input type=\"hidden\" name=\"_wpcf7_version\" value=\"5.6.4\" \/>\n<input type=\"hidden\" name=\"_wpcf7_locale\" value=\"es_ES\" \/>\n<input type=\"hidden\" name=\"_wpcf7_unit_tag\" value=\"wpcf7-f1484-o1\" \/>\n<input type=\"hidden\" name=\"_wpcf7_container_post\" value=\"0\" \/>\n<input type=\"hidden\" name=\"_wpcf7_posted_data_hash\" value=\"\" \/>\n<\/div>\n<p><label>  El teu nom (requerit)<br \/>\n    <span class=\"wpcf7-form-control-wrap\" data-name=\"your-name\"><input type=\"text\" name=\"your-name\" value=\"\" size=\"40\" class=\"wpcf7-form-control wpcf7-text wpcf7-validates-as-required\" aria-required=\"true\" aria-invalid=\"false\" \/><\/span> <\/label><\/p>\n<p><label> El teu correu electr\u00f2nic (requerit)<br \/>\n    <span class=\"wpcf7-form-control-wrap\" data-name=\"your-email\"><input type=\"email\" name=\"your-email\" value=\"\" size=\"40\" class=\"wpcf7-form-control wpcf7-text wpcf7-email wpcf7-validates-as-required wpcf7-validates-as-email\" aria-required=\"true\" aria-invalid=\"false\" \/><\/span> <\/label><\/p>\n<p><label>  Assumpte<br \/>\n    <span class=\"wpcf7-form-control-wrap\" data-name=\"your-subject\"><input type=\"text\" name=\"your-subject\" value=\"\" size=\"40\" class=\"wpcf7-form-control wpcf7-text\" aria-invalid=\"false\" \/><\/span> <\/label><\/p>\n<p><label> El teu missatge<br \/>\n    <span class=\"wpcf7-form-control-wrap\" data-name=\"your-message\"><textarea name=\"your-message\" cols=\"40\" rows=\"10\" class=\"wpcf7-form-control wpcf7-textarea\" aria-invalid=\"false\"><\/textarea><\/span> <\/label><\/p>\n<p><label><span class=\"wpcf7-form-control-wrap\" data-name=\"acceptance-363\"><span class=\"wpcf7-form-control wpcf7-acceptance\"><span class=\"wpcf7-list-item\"><input type=\"checkbox\" name=\"acceptance-363\" value=\"1\" aria-invalid=\"false\" \/><\/span><\/span><\/span> Estic d'acord amb la <a target=\"_blank\" href=\"https:\/\/www.joanpallaresserrano.com\/politica-de-privacidad\/\" rel=\"noopener\"> pol\u00edtica de privacitat <\/a><br \/>\n<\/label><\/p>\n<p><input type=\"submit\" value=\"Enviar\" class=\"wpcf7-form-control has-spinner wpcf7-submit\" \/><\/p>\n<p style=\"display: none !important;\" class=\"akismet-fields-container\" data-prefix=\"_wpcf7_ak_\"><label>&#916;<textarea name=\"_wpcf7_ak_hp_textarea\" cols=\"45\" rows=\"8\" maxlength=\"100\"><\/textarea><\/label><input type=\"hidden\" id=\"ak_js_1\" name=\"_wpcf7_ak_js\" value=\"70\"\/><script>document.getElementById( \"ak_js_1\" ).setAttribute( \"value\", ( new Date() ).getTime() );<\/script><\/p><div class=\"wpcf7-response-output\" aria-hidden=\"true\"><\/div><\/form><\/div>\n<\/div><\/section><\/p><\/div>\n<\/div><\/div><\/div><!-- close content main div --><\/div><\/div><div id='after_section_2'  class='main_color av_default_container_wrap container_wrap sidebar_right'  ><div class='container av-section-cont-open' ><div class='template-page content  av-content-small alpha units'><div class='post-entry post-entry-type-page post-entry-1597'><div class='entry-content-wrapper clearfix'>\n\n<style type=\"text\/css\" data-created_by=\"avia_inline_auto\" id=\"style-css-av-av_heading-3acccdc7a7933a7b6a97db596b076937\">\n#top .av-special-heading.av-av_heading-3acccdc7a7933a7b6a97db596b076937{\npadding-bottom:2px;\nfont-size:30px;\n}\nbody .av-special-heading.av-av_heading-3acccdc7a7933a7b6a97db596b076937 .av-special-heading-tag .heading-char{\nfont-size:25px;\n}\n#top #wrap_all .av-special-heading.av-av_heading-3acccdc7a7933a7b6a97db596b076937 .av-special-heading-tag{\nfont-size:30px;\n}\n.av-special-heading.av-av_heading-3acccdc7a7933a7b6a97db596b076937 .av-subheading{\nfont-size:15px;\n}\n<\/style>\n<div  class='av-special-heading av-av_heading-3acccdc7a7933a7b6a97db596b076937 av-special-heading-h3 blockquote modern-quote modern-centered  avia-builder-el-12  el_after_av_section  el_before_av_submenu  avia-builder-el-no-sibling  av-inherit-size'><h3 class='av-special-heading-tag'  itemprop=\"headline\"  > ALTRES TRACTAMENTS FACIALS<\/h3><div class=\"special-heading-border\"><div class=\"special-heading-inner-border\"><\/div><\/div><\/div>\n<\/div><\/div><\/div><!-- close content main div --><\/div><\/div><div class='clear'><\/div><div id='sub_menu1'  class='av-submenu-container av-jinkm5vu-3778e7015751b930bcbf419f2ee3f5b6 main_color  avia-builder-el-13  el_after_av_heading  avia-builder-el-last  av-sticky-submenu submenu-not-first container_wrap sidebar_right' style='z-index:301' ><div class='container av-menu-mobile-disabled av-submenu-pos-center'><ul id=\"menu-tratamientos-faciales-cart\" class=\"av-subnav-menu\"><li role=\"menuitem\" id=\"menu-item-1636\" class=\"menu-item menu-item-type-post_type menu-item-object-page av-menu-button av-menu-button-bordered menu-item-top-level menu-item-top-level-1\"><a href=\"https:\/\/www.joanpallaresserrano.com\/ca\/tractaments-i-operacions\/tractaments-facials\/blefaroplastia\/\" itemprop=\"url\" tabindex=\"0\"><span class=\"avia-bullet\"><\/span><span class=\"avia-menu-text\">Blefaroplastia<\/span><span class=\"avia-menu-fx\"><span class=\"avia-arrow-wrap\"><span class=\"avia-arrow\"><\/span><\/span><\/span><\/a><\/li>\n<li role=\"menuitem\" id=\"menu-item-1637\" class=\"menu-item menu-item-type-post_type menu-item-object-page av-menu-button av-menu-button-bordered menu-item-top-level menu-item-top-level-2\"><a href=\"https:\/\/www.joanpallaresserrano.com\/ca\/tractaments-i-operacions\/tractaments-facials\/cirugia-de-los-labios\/\" itemprop=\"url\" tabindex=\"0\"><span class=\"avia-bullet\"><\/span><span class=\"avia-menu-text\">Cirurgia dels llavis<\/span><span class=\"avia-menu-fx\"><span class=\"avia-arrow-wrap\"><span class=\"avia-arrow\"><\/span><\/span><\/span><\/a><\/li>\n<li role=\"menuitem\" id=\"menu-item-1638\" class=\"menu-item menu-item-type-post_type menu-item-object-page av-menu-button av-menu-button-bordered menu-item-top-level menu-item-top-level-3\"><a href=\"https:\/\/www.joanpallaresserrano.com\/ca\/tractaments-i-operacions\/tractaments-facials\/dermoabrasion\/\" itemprop=\"url\" tabindex=\"0\"><span class=\"avia-bullet\"><\/span><span class=\"avia-menu-text\">Dermoabrasi\u00f3<\/span><span class=\"avia-menu-fx\"><span class=\"avia-arrow-wrap\"><span class=\"avia-arrow\"><\/span><\/span><\/span><\/a><\/li>\n<li role=\"menuitem\" id=\"menu-item-1639\" class=\"menu-item menu-item-type-post_type menu-item-object-page av-menu-button av-menu-button-bordered menu-item-top-level menu-item-top-level-4\"><a href=\"https:\/\/www.joanpallaresserrano.com\/ca\/tractaments-i-operacions\/tractaments-facials\/hilos-tensores-faciales-y-cervicales-estiramiento\/\" itemprop=\"url\" tabindex=\"0\"><span class=\"avia-bullet\"><\/span><span class=\"avia-menu-text\">Fils Tensors facials i cervicals<\/span><span class=\"avia-menu-fx\"><span class=\"avia-arrow-wrap\"><span class=\"avia-arrow\"><\/span><\/span><\/span><\/a><\/li>\n<li role=\"menuitem\" id=\"menu-item-1640\" class=\"menu-item menu-item-type-post_type menu-item-object-page av-menu-button av-menu-button-bordered menu-item-top-level menu-item-top-level-5\"><a href=\"https:\/\/www.joanpallaresserrano.com\/ca\/tractaments-i-operacions\/tractaments-facials\/lifting-rejoveniment-facial-i-cervical\/\" itemprop=\"url\" tabindex=\"0\"><span class=\"avia-bullet\"><\/span><span class=\"avia-menu-text\">Lifting (rejoveniment facial i cervical)<\/span><span class=\"avia-menu-fx\"><span class=\"avia-arrow-wrap\"><span class=\"avia-arrow\"><\/span><\/span><\/span><\/a><\/li>\n<li role=\"menuitem\" id=\"menu-item-1641\" class=\"menu-item menu-item-type-post_type menu-item-object-page av-menu-button av-menu-button-bordered menu-item-top-level menu-item-top-level-6\"><a href=\"https:\/\/www.joanpallaresserrano.com\/ca\/tractaments-i-operacions\/tractaments-facials\/lipoestructura-facial\/\" itemprop=\"url\" tabindex=\"0\"><span class=\"avia-bullet\"><\/span><span class=\"avia-menu-text\">Lipoestructura facial<\/span><span class=\"avia-menu-fx\"><span class=\"avia-arrow-wrap\"><span class=\"avia-arrow\"><\/span><\/span><\/span><\/a><\/li>\n<li role=\"menuitem\" id=\"menu-item-1642\" class=\"menu-item menu-item-type-post_type menu-item-object-page av-menu-button av-menu-button-bordered menu-item-top-level menu-item-top-level-7\"><a href=\"https:\/\/www.joanpallaresserrano.com\/ca\/tractaments-i-operacions\/tractaments-facials\/mentoplastia\/\" itemprop=\"url\" tabindex=\"0\"><span class=\"avia-bullet\"><\/span><span class=\"avia-menu-text\">Mentoplastia<\/span><span class=\"avia-menu-fx\"><span class=\"avia-arrow-wrap\"><span class=\"avia-arrow\"><\/span><\/span><\/span><\/a><\/li>\n<li role=\"menuitem\" id=\"menu-item-1643\" class=\"menu-item menu-item-type-post_type menu-item-object-page av-menu-button av-menu-button-bordered menu-item-top-level menu-item-top-level-8\"><a href=\"https:\/\/www.joanpallaresserrano.com\/ca\/tractaments-i-operacions\/tractaments-facials\/minilifting\/\" itemprop=\"url\" tabindex=\"0\"><span class=\"avia-bullet\"><\/span><span class=\"avia-menu-text\">Minilifting<\/span><span class=\"avia-menu-fx\"><span class=\"avia-arrow-wrap\"><span class=\"avia-arrow\"><\/span><\/span><\/span><\/a><\/li>\n<li role=\"menuitem\" id=\"menu-item-1644\" class=\"menu-item menu-item-type-post_type menu-item-object-page av-menu-button av-menu-button-bordered menu-item-top-level menu-item-top-level-9\"><a href=\"https:\/\/www.joanpallaresserrano.com\/ca\/tractaments-i-operacions\/tractaments-facials\/otoplastia\/\" itemprop=\"url\" tabindex=\"0\"><span class=\"avia-bullet\"><\/span><span class=\"avia-menu-text\">Otoplastia<\/span><span class=\"avia-menu-fx\"><span class=\"avia-arrow-wrap\"><span class=\"avia-arrow\"><\/span><\/span><\/span><\/a><\/li>\n<li role=\"menuitem\" id=\"menu-item-1645\" class=\"menu-item menu-item-type-post_type menu-item-object-page av-menu-button av-menu-button-bordered menu-item-top-level menu-item-top-level-10\"><a href=\"https:\/\/www.joanpallaresserrano.com\/ca\/tractaments-i-operacions\/tractaments-facials\/pomulos\/\" itemprop=\"url\" tabindex=\"0\"><span class=\"avia-bullet\"><\/span><span class=\"avia-menu-text\">P\u00f2muls<\/span><span class=\"avia-menu-fx\"><span class=\"avia-arrow-wrap\"><span class=\"avia-arrow\"><\/span><\/span><\/span><\/a><\/li>\n<li role=\"menuitem\" id=\"menu-item-1646\" class=\"menu-item menu-item-type-post_type menu-item-object-page av-menu-button av-menu-button-bordered menu-item-top-level menu-item-top-level-11\"><a href=\"https:\/\/www.joanpallaresserrano.com\/ca\/tractaments-i-operacions\/tractaments-facials\/rejuvenecimiento-facial\/\" itemprop=\"url\" tabindex=\"0\"><span class=\"avia-bullet\"><\/span><span class=\"avia-menu-text\">Rejuvenecimiento facial<\/span><span class=\"avia-menu-fx\"><span class=\"avia-arrow-wrap\"><span class=\"avia-arrow\"><\/span><\/span><\/span><\/a><\/li>\n<li role=\"menuitem\" id=\"menu-item-1647\" class=\"menu-item menu-item-type-post_type menu-item-object-page av-menu-button av-menu-button-bordered menu-item-top-level menu-item-top-level-12\"><a href=\"https:\/\/www.joanpallaresserrano.com\/ca\/tractaments-i-operacions\/tractaments-facials\/rinoplastia\/\" itemprop=\"url\" tabindex=\"0\"><span class=\"avia-bullet\"><\/span><span class=\"avia-menu-text\">Rinoplastia<\/span><span class=\"avia-menu-fx\"><span class=\"avia-arrow-wrap\"><span class=\"avia-arrow\"><\/span><\/span><\/span><\/a><\/li>\n<li role=\"menuitem\" id=\"menu-item-1648\" class=\"menu-item menu-item-type-post_type menu-item-object-page av-menu-button av-menu-button-bordered menu-item-top-level menu-item-top-level-13\"><a href=\"https:\/\/www.joanpallaresserrano.com\/ca\/tractaments-i-operacions\/tractaments-facials\/toxina-botulinica\/\" itemprop=\"url\" tabindex=\"0\"><span class=\"avia-bullet\"><\/span><span class=\"avia-menu-text\">Toxina Botul\u00ednica<\/span><span class=\"avia-menu-fx\"><span class=\"avia-arrow-wrap\"><span class=\"avia-arrow\"><\/span><\/span><\/span><\/a><\/li>\n<\/ul><\/div><\/div><div class='sticky_placeholder'><\/div>\n","protected":false},"excerpt":{"rendered":"","protected":false},"author":1,"featured_media":0,"parent":1539,"menu_order":0,"comment_status":"closed","ping_status":"closed","template":"","meta":{"footnotes":""},"class_list":["post-1597","page","type-page","status-publish","hentry"],"_links":{"self":[{"href":"https:\/\/www.joanpallaresserrano.com\/ca\/wp-json\/wp\/v2\/pages\/1597","targetHints":{"allow":["GET"]}}],"collection":[{"href":"https:\/\/www.joanpallaresserrano.com\/ca\/wp-json\/wp\/v2\/pages"}],"about":[{"href":"https:\/\/www.joanpallaresserrano.com\/ca\/wp-json\/wp\/v2\/types\/page"}],"author":[{"embeddable":true,"href":"https:\/\/www.joanpallaresserrano.com\/ca\/wp-json\/wp\/v2\/users\/1"}],"replies":[{"embeddable":true,"href":"https:\/\/www.joanpallaresserrano.com\/ca\/wp-json\/wp\/v2\/comments?post=1597"}],"version-history":[{"count":3,"href":"https:\/\/www.joanpallaresserrano.com\/ca\/wp-json\/wp\/v2\/pages\/1597\/revisions"}],"predecessor-version":[{"id":1600,"href":"https:\/\/www.joanpallaresserrano.com\/ca\/wp-json\/wp\/v2\/pages\/1597\/revisions\/1600"}],"up":[{"embeddable":true,"href":"https:\/\/www.joanpallaresserrano.com\/ca\/wp-json\/wp\/v2\/pages\/1539"}],"wp:attachment":[{"href":"https:\/\/www.joanpallaresserrano.com\/ca\/wp-json\/wp\/v2\/media?parent=1597"}],"curies":[{"name":"wp","href":"https:\/\/api.w.org\/{rel}","templated":true}]}}