{"id":1582,"date":"2018-07-08T12:30:51","date_gmt":"2018-07-08T12:30:51","guid":{"rendered":"http:\/\/www.joanpallaresserrano.com\/?page_id=1582"},"modified":"2018-07-19T14:30:03","modified_gmt":"2018-07-19T14:30:03","slug":"cirugia-de-los-labios","status":"publish","type":"page","link":"https:\/\/www.joanpallaresserrano.com\/ca\/tractaments-i-operacions\/tractaments-facials\/cirugia-de-los-labios\/","title":{"rendered":"Cirug\u00eda de los labios"},"content":{"rendered":"\n<style type=\"text\/css\" data-created_by=\"avia_inline_auto\" id=\"style-css-av-jinj854f-d2cac4b6f5573b2aa7cbc6931a3e2574\">\n.avia-section.av-jinj854f-d2cac4b6f5573b2aa7cbc6931a3e2574{\nbackground-repeat:no-repeat;\nbackground-image:url(https:\/\/www.joanpallaresserrano.com\/wp-content\/uploads\/2018\/06\/cirurgia-plastica-barcelona-joan-pallares-serrano-3.jpg);\nbackground-position:50% 50%;\nbackground-attachment:fixed;\n}\n.avia-section.av-jinj854f-d2cac4b6f5573b2aa7cbc6931a3e2574 .av-section-color-overlay{\nopacity:0.5;\nbackground-color:#7bb0e7;\n}\n<\/style>\n<div id='av_section_1'  class='avia-section av-jinj854f-d2cac4b6f5573b2aa7cbc6931a3e2574 main_color avia-section-default avia-no-border-styling  avia-builder-el-0  el_before_av_section  avia-builder-el-first  avia-full-stretch avia-bg-style-fixed av-section-color-overlay-active container_wrap sidebar_right'  data-section-bg-repeat='stretch'><div class=\"av-section-color-overlay-wrap\"><div class=\"av-section-color-overlay\"><\/div><div class='container av-section-cont-open' ><main  role=\"main\" itemprop=\"mainContentOfPage\"  class='template-page content  av-content-small alpha units'><div class='post-entry post-entry-type-page post-entry-1582'><div class='entry-content-wrapper clearfix'>\n\n<style type=\"text\/css\" data-created_by=\"avia_inline_auto\" id=\"style-css-av-3uwgbq-cca9afcebf74aca460c4b2d726e89bed\">\n.flex_column.av-3uwgbq-cca9afcebf74aca460c4b2d726e89bed{\nborder-radius:0px 0px 0px 0px;\n-webkit-border-radius:0px 0px 0px 0px;\n-moz-border-radius:0px 0px 0px 0px;\n}\n<\/style>\n<div class='flex_column av-3uwgbq-cca9afcebf74aca460c4b2d726e89bed av_one_fourth  avia-builder-el-1  el_before_av_one_half  avia-builder-el-first  first flex_column_div av-zero-column-padding '   ><\/div>\n<style type=\"text\/css\" data-created_by=\"avia_inline_auto\" id=\"style-css-av-jinjb1om-a4af71c6d9d2c743bfe646cb0ce1a069\">\n.flex_column.av-jinjb1om-a4af71c6d9d2c743bfe646cb0ce1a069{\nborder-radius:0px 0px 0px 0px;\n-webkit-border-radius:0px 0px 0px 0px;\n-moz-border-radius:0px 0px 0px 0px;\nbackground-color:rgba(255,255,255,0.5);\n}\n<\/style>\n<div class='flex_column av-jinjb1om-a4af71c6d9d2c743bfe646cb0ce1a069 av_one_half  avia-builder-el-2  el_after_av_one_fourth  el_before_av_one_fourth  flex_column_div av-zero-column-padding '   ><style type=\"text\/css\" data-created_by=\"avia_inline_auto\" id=\"style-css-av-jjctfqf8-72bc259f5e315b1a2d2888e7dc595bb0\">\n#top .av-special-heading.av-jjctfqf8-72bc259f5e315b1a2d2888e7dc595bb0{\npadding-bottom:10px;\nfont-size:40px;\n}\nbody .av-special-heading.av-jjctfqf8-72bc259f5e315b1a2d2888e7dc595bb0 .av-special-heading-tag .heading-char{\nfont-size:25px;\n}\n#top #wrap_all .av-special-heading.av-jjctfqf8-72bc259f5e315b1a2d2888e7dc595bb0 .av-special-heading-tag{\nfont-size:40px;\n}\n.av-special-heading.av-jjctfqf8-72bc259f5e315b1a2d2888e7dc595bb0 .av-subheading{\nfont-size:15px;\n}\n<\/style>\n<div  class='av-special-heading av-jjctfqf8-72bc259f5e315b1a2d2888e7dc595bb0 av-special-heading-h1 blockquote modern-quote modern-centered  avia-builder-el-3  avia-builder-el-no-sibling  av-inherit-size'><h1 class='av-special-heading-tag'  itemprop=\"headline\"  > Cirurgia dels llavis<\/h1><div class='av-subheading av-subheading_below'><p>Tractaments Facials<\/p>\n<\/div><div class=\"special-heading-border\"><div class=\"special-heading-inner-border\"><\/div><\/div><\/div><\/div>\n<style type=\"text\/css\" data-created_by=\"avia_inline_auto\" id=\"style-css-av-306hie-3fb200c9d22fb1b1ed7793714440e285\">\n.flex_column.av-306hie-3fb200c9d22fb1b1ed7793714440e285{\nborder-radius:0px 0px 0px 0px;\n-webkit-border-radius:0px 0px 0px 0px;\n-moz-border-radius:0px 0px 0px 0px;\n}\n<\/style>\n<div class='flex_column av-306hie-3fb200c9d22fb1b1ed7793714440e285 av_one_fourth  avia-builder-el-4  el_after_av_one_half  avia-builder-el-last  flex_column_div av-zero-column-padding '   ><\/div>\n\n<\/div><\/div><\/main><!-- close content main element --><\/div><\/div><\/div>\n<style type=\"text\/css\" data-created_by=\"avia_inline_auto\" id=\"style-css-av-2bd50m-d7f28889812d203f5a44d6998992e6a8\">\n.avia-section.av-2bd50m-d7f28889812d203f5a44d6998992e6a8{\nbackground-color:#fcfcfc;\nbackground-image:unset;\n}\n<\/style>\n<div id='av_section_2'  class='avia-section av-2bd50m-d7f28889812d203f5a44d6998992e6a8 main_color avia-section-default avia-no-border-styling  avia-builder-el-5  el_after_av_section  el_before_av_heading  avia-bg-style-scroll container_wrap sidebar_right'  ><div class='container av-section-cont-open' ><div class='template-page content  av-content-small alpha units'><div class='post-entry post-entry-type-page post-entry-1582'><div class='entry-content-wrapper clearfix'>\n\n<style type=\"text\/css\" data-created_by=\"avia_inline_auto\" id=\"style-css-av-7t2zau-6f2cb7d50f1e0c1fa52bba3e9d56b1bc\">\n.flex_column.av-7t2zau-6f2cb7d50f1e0c1fa52bba3e9d56b1bc{\nborder-width:1px;\nborder-style:solid;\nborder-radius:20px 20px 20px 20px;\n-webkit-border-radius:20px 20px 20px 20px;\n-moz-border-radius:20px 20px 20px 20px;\npadding:20px 20px 20px 20px;\nbackground-color:#ffffff;\n}\n<\/style>\n<div class='flex_column av-7t2zau-6f2cb7d50f1e0c1fa52bba3e9d56b1bc av_two_third  avia-builder-el-6  el_before_av_one_third  avia-builder-el-first  first flex_column_div '   ><style type=\"text\/css\" data-created_by=\"avia_inline_auto\" id=\"style-css-av-jinjdjht-061e59e7ba3717143748c7782f639fe7\">\n#top .av_textblock_section.av-jinjdjht-061e59e7ba3717143748c7782f639fe7 .avia_textblock{\nfont-size:16px;\n}\n<\/style>\n<section  class='av_textblock_section av-jinjdjht-061e59e7ba3717143748c7782f639fe7'  itemscope=\"itemscope\" itemtype=\"https:\/\/schema.org\/CreativeWork\" ><div class='avia_textblock'  itemprop=\"text\" ><p><strong>CIRURGIA DELS LLAVIS: queiloplastia<\/strong><\/p>\n<p>Hi ha procediments per augmentar i per disminuir el gruix dels llavis.<\/p>\n<p>Les t\u00e8cniques de<strong> AUGMENT<\/strong> de gruix dels llavis poden ser classificades en:<\/p>\n<p>1.-Les que ofereixen <strong>Resultats Temporals<\/strong> en les que l&#8217;efecte produ\u00eft \u00e9s limitat en el temps, i el material implantat \u00e9s finalment \u00e9s absorbit per l&#8217;organisme, recuperant la forma anterior. Dins d&#8217;aquesta categoria es troba l&#8217;augment de llavis amb col\u00b7lagen, en qu\u00e8 l&#8217;efecte roman nom\u00e9s uns mesos (de 2 a 6).<\/p>\n<p>2.-Les que ofereixen <strong>Resultats Permanents<\/strong> o definitius, en qu\u00e8 elefecto produ\u00eft roman per temps indefinit.<\/p>\n<p>En aquesta categoria podem englobar les t\u00e8cniques de:<\/p>\n<ul>\n<li><strong>Autoempelt de Greix<\/strong> efectuada amb la t\u00e8cnica de Lipoestructura, en la qual el gran edema postoperatori pot ser un inconvenient.<\/li>\n<\/ul>\n<ul>\n<li><strong> Les Queiloplastias<\/strong> o t\u00e8cniques quir\u00fargiques d&#8217;avan\u00e7 de la superf\u00edcie interna del llavi (mucosa) cap a l&#8217;exterior mitjan\u00e7ant pl\u00e0sties en V-Jo en W-I.<\/li>\n<\/ul>\n<p>Per a <strong>la REDUCCI\u00d3<\/strong> del gruix dels llavis s&#8217;utilitzen t\u00e8cniques d&#8217;extirpaci\u00f3 de mucosa de la part interna del llavi que est\u00e0 en contacte amb les dents, amb les que es pot aconseguir un adequat contorn m\u00e9s proporcionat amb la resta de la cara, sense l&#8217;exist\u00e8ncia de cap cicatriu externa. Sense cicatrius externes.<\/p>\n<p>Aix\u00ed mateix, en Cirurgia de Rejoveniment Facial, \u00e9s possible eliminar les arrugues que s&#8217;han format al voltant dels llavis amb el pas dels anys.<\/p>\n<\/div><\/section><\/div>\n<style type=\"text\/css\" data-created_by=\"avia_inline_auto\" id=\"style-css-av-5prn9y-4a42cbc06ba440806ac4aa62cda3c7e4\">\n.flex_column.av-5prn9y-4a42cbc06ba440806ac4aa62cda3c7e4{\nborder-width:1px;\nborder-color:#fcfcfc;\nborder-style:solid;\nborder-radius:0px 0px 0px 0px;\n-webkit-border-radius:0px 0px 0px 0px;\n-moz-border-radius:0px 0px 0px 0px;\npadding:10px 10px 10px 10px;\nbackground-color:#fcfcfc;\n}\n<\/style>\n<div class='flex_column av-5prn9y-4a42cbc06ba440806ac4aa62cda3c7e4 av_one_third  avia-builder-el-8  el_after_av_two_third  avia-builder-el-last  flex_column_div '   ><p><div  class='avia-video av-3lfnt2-34f6467c16ae62cec25694dda0c7045f avia-video-16-9 av-no-preview-image avia-video-load-always av-lazyload-immediate av-lazyload-video-embed'  itemprop=\"video\" itemtype=\"https:\/\/schema.org\/VideoObject\"  data-original_url='https:\/\/www.youtube.com\/watch?v=f3lZT-NLG-A'><script type='text\/html' class='av-video-tmpl'><div class='avia-iframe-wrap'><iframe loading=\"lazy\" width=\"1500\" height=\"844\" src=\"https:\/\/www.youtube.com\/embed\/f3lZT-NLG-A?feature=oembed&autoplay=0&loop=0&controls=1&mute=0\" frameborder=\"0\" allow=\"autoplay; encrypted-media\" allowfullscreen><\/iframe><\/div><\/script><div class='av-click-to-play-overlay'><div class=\"avia_playpause_icon\"><\/div><\/div><\/div><br \/>\n<section  class='av_textblock_section av-jinkfhyf-b8e0b6c057bf63655f15137223f1eac7'  itemscope=\"itemscope\" itemtype=\"https:\/\/schema.org\/CreativeWork\" ><div class='avia_textblock'  itemprop=\"text\" ><p style=\"text-align: center;\">Dr.Joan Pallar\u00e8s<\/p>\n<\/div><\/section><br \/>\n<div  class='hr av-9oqwm-3ffea69ddba58eb099ef009272344f03 hr-default  avia-builder-el-11  el_after_av_textblock  el_before_av_textblock '><span class='hr-inner '><span class=\"hr-inner-style\"><\/span><\/span><\/div><br \/>\n<section  class='av_textblock_section av-jjbl0nd7-cabcf0f1994a2ef9145902aae1d6b3b0'  itemscope=\"itemscope\" itemtype=\"https:\/\/schema.org\/CreativeWork\" ><div class='avia_textblock'  itemprop=\"text\" ><div role=\"form\" class=\"wpcf7\" id=\"wpcf7-f1484-o1\" lang=\"es-ES\" dir=\"ltr\">\n<div class=\"screen-reader-response\"><p role=\"status\" aria-live=\"polite\" aria-atomic=\"true\"><\/p> <ul><\/ul><\/div>\n<form action=\"\/ca\/wp-json\/wp\/v2\/pages\/1582#wpcf7-f1484-o1\" method=\"post\" class=\"wpcf7-form init\" novalidate=\"novalidate\" data-status=\"init\">\n<div style=\"display: none;\">\n<input type=\"hidden\" name=\"_wpcf7\" value=\"1484\" \/>\n<input type=\"hidden\" name=\"_wpcf7_version\" value=\"5.6.4\" \/>\n<input type=\"hidden\" name=\"_wpcf7_locale\" value=\"es_ES\" \/>\n<input type=\"hidden\" name=\"_wpcf7_unit_tag\" value=\"wpcf7-f1484-o1\" \/>\n<input type=\"hidden\" name=\"_wpcf7_container_post\" value=\"0\" \/>\n<input type=\"hidden\" name=\"_wpcf7_posted_data_hash\" value=\"\" \/>\n<\/div>\n<p><label>  El teu nom (requerit)<br \/>\n    <span class=\"wpcf7-form-control-wrap\" data-name=\"your-name\"><input type=\"text\" name=\"your-name\" value=\"\" size=\"40\" class=\"wpcf7-form-control wpcf7-text wpcf7-validates-as-required\" aria-required=\"true\" aria-invalid=\"false\" \/><\/span> <\/label><\/p>\n<p><label> El teu correu electr\u00f2nic (requerit)<br \/>\n    <span class=\"wpcf7-form-control-wrap\" data-name=\"your-email\"><input type=\"email\" name=\"your-email\" value=\"\" size=\"40\" class=\"wpcf7-form-control wpcf7-text wpcf7-email wpcf7-validates-as-required wpcf7-validates-as-email\" aria-required=\"true\" aria-invalid=\"false\" \/><\/span> <\/label><\/p>\n<p><label>  Assumpte<br \/>\n    <span class=\"wpcf7-form-control-wrap\" data-name=\"your-subject\"><input type=\"text\" name=\"your-subject\" value=\"\" size=\"40\" class=\"wpcf7-form-control wpcf7-text\" aria-invalid=\"false\" \/><\/span> <\/label><\/p>\n<p><label> El teu missatge<br \/>\n    <span class=\"wpcf7-form-control-wrap\" data-name=\"your-message\"><textarea name=\"your-message\" cols=\"40\" rows=\"10\" class=\"wpcf7-form-control wpcf7-textarea\" aria-invalid=\"false\"><\/textarea><\/span> <\/label><\/p>\n<p><label><span class=\"wpcf7-form-control-wrap\" data-name=\"acceptance-363\"><span class=\"wpcf7-form-control wpcf7-acceptance\"><span class=\"wpcf7-list-item\"><input type=\"checkbox\" name=\"acceptance-363\" value=\"1\" aria-invalid=\"false\" \/><\/span><\/span><\/span> Estic d'acord amb la <a target=\"_blank\" href=\"https:\/\/www.joanpallaresserrano.com\/politica-de-privacidad\/\" rel=\"noopener\"> pol\u00edtica de privacitat <\/a><br \/>\n<\/label><\/p>\n<p><input type=\"submit\" value=\"Enviar\" class=\"wpcf7-form-control has-spinner wpcf7-submit\" \/><\/p>\n<p style=\"display: none !important;\" class=\"akismet-fields-container\" data-prefix=\"_wpcf7_ak_\"><label>&#916;<textarea name=\"_wpcf7_ak_hp_textarea\" cols=\"45\" rows=\"8\" maxlength=\"100\"><\/textarea><\/label><input type=\"hidden\" id=\"ak_js_1\" name=\"_wpcf7_ak_js\" value=\"236\"\/><script>document.getElementById( \"ak_js_1\" ).setAttribute( \"value\", ( new Date() ).getTime() );<\/script><\/p><div class=\"wpcf7-response-output\" aria-hidden=\"true\"><\/div><\/form><\/div>\n<\/div><\/section><\/p><\/div><\/div><\/div><\/div><!-- close content main div --><\/div><\/div><div id='after_section_2'  class='main_color av_default_container_wrap container_wrap sidebar_right'  ><div class='container av-section-cont-open' ><div class='template-page content  av-content-small alpha units'><div class='post-entry post-entry-type-page post-entry-1582'><div class='entry-content-wrapper clearfix'>\n<style type=\"text\/css\" data-created_by=\"avia_inline_auto\" id=\"style-css-av-av_heading-3acccdc7a7933a7b6a97db596b076937\">\n#top .av-special-heading.av-av_heading-3acccdc7a7933a7b6a97db596b076937{\npadding-bottom:2px;\nfont-size:30px;\n}\nbody .av-special-heading.av-av_heading-3acccdc7a7933a7b6a97db596b076937 .av-special-heading-tag .heading-char{\nfont-size:25px;\n}\n#top #wrap_all .av-special-heading.av-av_heading-3acccdc7a7933a7b6a97db596b076937 .av-special-heading-tag{\nfont-size:30px;\n}\n.av-special-heading.av-av_heading-3acccdc7a7933a7b6a97db596b076937 .av-subheading{\nfont-size:15px;\n}\n<\/style>\n<div  class='av-special-heading av-av_heading-3acccdc7a7933a7b6a97db596b076937 av-special-heading-h3 blockquote modern-quote modern-centered  avia-builder-el-13  el_after_av_section  el_before_av_submenu  avia-builder-el-no-sibling  av-inherit-size'><h3 class='av-special-heading-tag'  itemprop=\"headline\"  > ALTRES TRACTAMENTS FACIALS<\/h3><div class=\"special-heading-border\"><div class=\"special-heading-inner-border\"><\/div><\/div><\/div><\/p>\n<\/div><\/div><\/div><!-- close content main div --><\/div><\/div><div class='clear'><\/div><div id='sub_menu1'  class='av-submenu-container av-jinkm5vu-3778e7015751b930bcbf419f2ee3f5b6 main_color  avia-builder-el-14  el_after_av_heading  avia-builder-el-last  av-sticky-submenu submenu-not-first container_wrap sidebar_right' style='z-index:301' ><div class='container av-menu-mobile-disabled av-submenu-pos-center'><ul id=\"menu-tratamientos-faciales-cart\" class=\"av-subnav-menu\"><li role=\"menuitem\" id=\"menu-item-1636\" class=\"menu-item menu-item-type-post_type menu-item-object-page av-menu-button av-menu-button-bordered menu-item-top-level menu-item-top-level-1\"><a href=\"https:\/\/www.joanpallaresserrano.com\/ca\/tractaments-i-operacions\/tractaments-facials\/blefaroplastia\/\" itemprop=\"url\" tabindex=\"0\"><span class=\"avia-bullet\"><\/span><span class=\"avia-menu-text\">Blefaroplastia<\/span><span class=\"avia-menu-fx\"><span class=\"avia-arrow-wrap\"><span class=\"avia-arrow\"><\/span><\/span><\/span><\/a><\/li>\n<li role=\"menuitem\" id=\"menu-item-1637\" class=\"menu-item menu-item-type-post_type menu-item-object-page av-menu-button av-menu-button-bordered menu-item-top-level menu-item-top-level-2\"><a href=\"https:\/\/www.joanpallaresserrano.com\/ca\/tractaments-i-operacions\/tractaments-facials\/cirugia-de-los-labios\/\" itemprop=\"url\" tabindex=\"0\"><span class=\"avia-bullet\"><\/span><span class=\"avia-menu-text\">Cirurgia dels llavis<\/span><span class=\"avia-menu-fx\"><span class=\"avia-arrow-wrap\"><span class=\"avia-arrow\"><\/span><\/span><\/span><\/a><\/li>\n<li role=\"menuitem\" id=\"menu-item-1638\" class=\"menu-item menu-item-type-post_type menu-item-object-page av-menu-button av-menu-button-bordered menu-item-top-level menu-item-top-level-3\"><a href=\"https:\/\/www.joanpallaresserrano.com\/ca\/tractaments-i-operacions\/tractaments-facials\/dermoabrasion\/\" itemprop=\"url\" tabindex=\"0\"><span class=\"avia-bullet\"><\/span><span class=\"avia-menu-text\">Dermoabrasi\u00f3<\/span><span class=\"avia-menu-fx\"><span class=\"avia-arrow-wrap\"><span class=\"avia-arrow\"><\/span><\/span><\/span><\/a><\/li>\n<li role=\"menuitem\" id=\"menu-item-1639\" class=\"menu-item menu-item-type-post_type menu-item-object-page av-menu-button av-menu-button-bordered menu-item-top-level menu-item-top-level-4\"><a href=\"https:\/\/www.joanpallaresserrano.com\/ca\/tractaments-i-operacions\/tractaments-facials\/hilos-tensores-faciales-y-cervicales-estiramiento\/\" itemprop=\"url\" tabindex=\"0\"><span class=\"avia-bullet\"><\/span><span class=\"avia-menu-text\">Fils Tensors facials i cervicals<\/span><span class=\"avia-menu-fx\"><span class=\"avia-arrow-wrap\"><span class=\"avia-arrow\"><\/span><\/span><\/span><\/a><\/li>\n<li role=\"menuitem\" id=\"menu-item-1640\" class=\"menu-item menu-item-type-post_type menu-item-object-page av-menu-button av-menu-button-bordered menu-item-top-level menu-item-top-level-5\"><a href=\"https:\/\/www.joanpallaresserrano.com\/ca\/tractaments-i-operacions\/tractaments-facials\/lifting-rejoveniment-facial-i-cervical\/\" itemprop=\"url\" tabindex=\"0\"><span class=\"avia-bullet\"><\/span><span class=\"avia-menu-text\">Lifting (rejoveniment facial i cervical)<\/span><span class=\"avia-menu-fx\"><span class=\"avia-arrow-wrap\"><span class=\"avia-arrow\"><\/span><\/span><\/span><\/a><\/li>\n<li role=\"menuitem\" id=\"menu-item-1641\" class=\"menu-item menu-item-type-post_type menu-item-object-page av-menu-button av-menu-button-bordered menu-item-top-level menu-item-top-level-6\"><a href=\"https:\/\/www.joanpallaresserrano.com\/ca\/tractaments-i-operacions\/tractaments-facials\/lipoestructura-facial\/\" itemprop=\"url\" tabindex=\"0\"><span class=\"avia-bullet\"><\/span><span class=\"avia-menu-text\">Lipoestructura facial<\/span><span class=\"avia-menu-fx\"><span class=\"avia-arrow-wrap\"><span class=\"avia-arrow\"><\/span><\/span><\/span><\/a><\/li>\n<li role=\"menuitem\" id=\"menu-item-1642\" class=\"menu-item menu-item-type-post_type menu-item-object-page av-menu-button av-menu-button-bordered menu-item-top-level menu-item-top-level-7\"><a href=\"https:\/\/www.joanpallaresserrano.com\/ca\/tractaments-i-operacions\/tractaments-facials\/mentoplastia\/\" itemprop=\"url\" tabindex=\"0\"><span class=\"avia-bullet\"><\/span><span class=\"avia-menu-text\">Mentoplastia<\/span><span class=\"avia-menu-fx\"><span class=\"avia-arrow-wrap\"><span class=\"avia-arrow\"><\/span><\/span><\/span><\/a><\/li>\n<li role=\"menuitem\" id=\"menu-item-1643\" class=\"menu-item menu-item-type-post_type menu-item-object-page av-menu-button av-menu-button-bordered menu-item-top-level menu-item-top-level-8\"><a href=\"https:\/\/www.joanpallaresserrano.com\/ca\/tractaments-i-operacions\/tractaments-facials\/minilifting\/\" itemprop=\"url\" tabindex=\"0\"><span class=\"avia-bullet\"><\/span><span class=\"avia-menu-text\">Minilifting<\/span><span class=\"avia-menu-fx\"><span class=\"avia-arrow-wrap\"><span class=\"avia-arrow\"><\/span><\/span><\/span><\/a><\/li>\n<li role=\"menuitem\" id=\"menu-item-1644\" class=\"menu-item menu-item-type-post_type menu-item-object-page av-menu-button av-menu-button-bordered menu-item-top-level menu-item-top-level-9\"><a href=\"https:\/\/www.joanpallaresserrano.com\/ca\/tractaments-i-operacions\/tractaments-facials\/otoplastia\/\" itemprop=\"url\" tabindex=\"0\"><span class=\"avia-bullet\"><\/span><span class=\"avia-menu-text\">Otoplastia<\/span><span class=\"avia-menu-fx\"><span class=\"avia-arrow-wrap\"><span class=\"avia-arrow\"><\/span><\/span><\/span><\/a><\/li>\n<li role=\"menuitem\" id=\"menu-item-1645\" class=\"menu-item menu-item-type-post_type menu-item-object-page av-menu-button av-menu-button-bordered menu-item-top-level menu-item-top-level-10\"><a href=\"https:\/\/www.joanpallaresserrano.com\/ca\/tractaments-i-operacions\/tractaments-facials\/pomulos\/\" itemprop=\"url\" tabindex=\"0\"><span class=\"avia-bullet\"><\/span><span class=\"avia-menu-text\">P\u00f2muls<\/span><span class=\"avia-menu-fx\"><span class=\"avia-arrow-wrap\"><span class=\"avia-arrow\"><\/span><\/span><\/span><\/a><\/li>\n<li role=\"menuitem\" id=\"menu-item-1646\" class=\"menu-item menu-item-type-post_type menu-item-object-page av-menu-button av-menu-button-bordered menu-item-top-level menu-item-top-level-11\"><a href=\"https:\/\/www.joanpallaresserrano.com\/ca\/tractaments-i-operacions\/tractaments-facials\/rejuvenecimiento-facial\/\" itemprop=\"url\" tabindex=\"0\"><span class=\"avia-bullet\"><\/span><span class=\"avia-menu-text\">Rejuvenecimiento facial<\/span><span class=\"avia-menu-fx\"><span class=\"avia-arrow-wrap\"><span class=\"avia-arrow\"><\/span><\/span><\/span><\/a><\/li>\n<li role=\"menuitem\" id=\"menu-item-1647\" class=\"menu-item menu-item-type-post_type menu-item-object-page av-menu-button av-menu-button-bordered menu-item-top-level menu-item-top-level-12\"><a href=\"https:\/\/www.joanpallaresserrano.com\/ca\/tractaments-i-operacions\/tractaments-facials\/rinoplastia\/\" itemprop=\"url\" tabindex=\"0\"><span class=\"avia-bullet\"><\/span><span class=\"avia-menu-text\">Rinoplastia<\/span><span class=\"avia-menu-fx\"><span class=\"avia-arrow-wrap\"><span class=\"avia-arrow\"><\/span><\/span><\/span><\/a><\/li>\n<li role=\"menuitem\" id=\"menu-item-1648\" class=\"menu-item menu-item-type-post_type menu-item-object-page av-menu-button av-menu-button-bordered menu-item-top-level menu-item-top-level-13\"><a href=\"https:\/\/www.joanpallaresserrano.com\/ca\/tractaments-i-operacions\/tractaments-facials\/toxina-botulinica\/\" itemprop=\"url\" tabindex=\"0\"><span class=\"avia-bullet\"><\/span><span class=\"avia-menu-text\">Toxina Botul\u00ednica<\/span><span class=\"avia-menu-fx\"><span class=\"avia-arrow-wrap\"><span class=\"avia-arrow\"><\/span><\/span><\/span><\/a><\/li>\n<\/ul><\/div><\/div><div class='sticky_placeholder'><\/div>\n","protected":false},"excerpt":{"rendered":"","protected":false},"author":1,"featured_media":0,"parent":1539,"menu_order":0,"comment_status":"closed","ping_status":"closed","template":"","meta":{"footnotes":""},"class_list":["post-1582","page","type-page","status-publish","hentry"],"_links":{"self":[{"href":"https:\/\/www.joanpallaresserrano.com\/ca\/wp-json\/wp\/v2\/pages\/1582","targetHints":{"allow":["GET"]}}],"collection":[{"href":"https:\/\/www.joanpallaresserrano.com\/ca\/wp-json\/wp\/v2\/pages"}],"about":[{"href":"https:\/\/www.joanpallaresserrano.com\/ca\/wp-json\/wp\/v2\/types\/page"}],"author":[{"embeddable":true,"href":"https:\/\/www.joanpallaresserrano.com\/ca\/wp-json\/wp\/v2\/users\/1"}],"replies":[{"embeddable":true,"href":"https:\/\/www.joanpallaresserrano.com\/ca\/wp-json\/wp\/v2\/comments?post=1582"}],"version-history":[{"count":3,"href":"https:\/\/www.joanpallaresserrano.com\/ca\/wp-json\/wp\/v2\/pages\/1582\/revisions"}],"predecessor-version":[{"id":1692,"href":"https:\/\/www.joanpallaresserrano.com\/ca\/wp-json\/wp\/v2\/pages\/1582\/revisions\/1692"}],"up":[{"embeddable":true,"href":"https:\/\/www.joanpallaresserrano.com\/ca\/wp-json\/wp\/v2\/pages\/1539"}],"wp:attachment":[{"href":"https:\/\/www.joanpallaresserrano.com\/ca\/wp-json\/wp\/v2\/media?parent=1582"}],"curies":[{"name":"wp","href":"https:\/\/api.w.org\/{rel}","templated":true}]}}