{"id":1562,"date":"2018-07-08T12:06:49","date_gmt":"2018-07-08T12:06:49","guid":{"rendered":"http:\/\/www.joanpallaresserrano.com\/?page_id=1562"},"modified":"2018-07-19T15:02:23","modified_gmt":"2018-07-19T15:02:23","slug":"mamoplastia-reductora","status":"publish","type":"page","link":"https:\/\/www.joanpallaresserrano.com\/ca\/tractaments-i-operacions\/tractaments-corporals-mames\/mamoplastia-reductora\/","title":{"rendered":"Mamoplastia reductora"},"content":{"rendered":"\n<style type=\"text\/css\" data-created_by=\"avia_inline_auto\" id=\"style-css-av-jinj854f-e1697a30dfb54a6693802bbb67debd4f\">\n.avia-section.av-jinj854f-e1697a30dfb54a6693802bbb67debd4f{\nbackground-repeat:no-repeat;\nbackground-image:url(https:\/\/www.joanpallaresserrano.com\/wp-content\/uploads\/2018\/07\/OTROS-TRATAMIENTOS-CORPORALES-cirurgia-mamaria.jpg);\nbackground-position:50% 50%;\nbackground-attachment:fixed;\n}\n.avia-section.av-jinj854f-e1697a30dfb54a6693802bbb67debd4f .av-section-color-overlay{\nopacity:0.5;\nbackground-color:#7bb0e7;\n}\n<\/style>\n<div id='av_section_1'  class='avia-section av-jinj854f-e1697a30dfb54a6693802bbb67debd4f main_color avia-section-default avia-no-border-styling  avia-builder-el-0  el_before_av_section  avia-builder-el-first  avia-full-stretch avia-bg-style-fixed av-section-color-overlay-active container_wrap sidebar_right'  data-section-bg-repeat='stretch'><div class=\"av-section-color-overlay-wrap\"><div class=\"av-section-color-overlay\"><\/div><div class='container av-section-cont-open' ><main  role=\"main\" itemprop=\"mainContentOfPage\"  class='template-page content  av-content-small alpha units'><div class='post-entry post-entry-type-page post-entry-1562'><div class='entry-content-wrapper clearfix'>\n\n<style type=\"text\/css\" data-created_by=\"avia_inline_auto\" id=\"style-css-av-3uwgbq-cca9afcebf74aca460c4b2d726e89bed\">\n.flex_column.av-3uwgbq-cca9afcebf74aca460c4b2d726e89bed{\nborder-radius:0px 0px 0px 0px;\n-webkit-border-radius:0px 0px 0px 0px;\n-moz-border-radius:0px 0px 0px 0px;\n}\n<\/style>\n<div class='flex_column av-3uwgbq-cca9afcebf74aca460c4b2d726e89bed av_one_fourth  avia-builder-el-1  el_before_av_one_half  avia-builder-el-first  first flex_column_div av-zero-column-padding '   ><\/div>\n<style type=\"text\/css\" data-created_by=\"avia_inline_auto\" id=\"style-css-av-jinjb1om-a4af71c6d9d2c743bfe646cb0ce1a069\">\n.flex_column.av-jinjb1om-a4af71c6d9d2c743bfe646cb0ce1a069{\nborder-radius:0px 0px 0px 0px;\n-webkit-border-radius:0px 0px 0px 0px;\n-moz-border-radius:0px 0px 0px 0px;\nbackground-color:rgba(255,255,255,0.5);\n}\n<\/style>\n<div class='flex_column av-jinjb1om-a4af71c6d9d2c743bfe646cb0ce1a069 av_one_half  avia-builder-el-2  el_after_av_one_fourth  el_before_av_one_fourth  flex_column_div av-zero-column-padding '   ><style type=\"text\/css\" data-created_by=\"avia_inline_auto\" id=\"style-css-av-jjcskqap-3cb588a0928e7d33c3f1a662ee9d70f3\">\n#top .av-special-heading.av-jjcskqap-3cb588a0928e7d33c3f1a662ee9d70f3{\npadding-bottom:10px;\nfont-size:40px;\n}\nbody .av-special-heading.av-jjcskqap-3cb588a0928e7d33c3f1a662ee9d70f3 .av-special-heading-tag .heading-char{\nfont-size:25px;\n}\n#top #wrap_all .av-special-heading.av-jjcskqap-3cb588a0928e7d33c3f1a662ee9d70f3 .av-special-heading-tag{\nfont-size:40px;\n}\n.av-special-heading.av-jjcskqap-3cb588a0928e7d33c3f1a662ee9d70f3 .av-subheading{\nfont-size:15px;\n}\n<\/style>\n<div  class='av-special-heading av-jjcskqap-3cb588a0928e7d33c3f1a662ee9d70f3 av-special-heading-h1 blockquote modern-quote modern-centered  avia-builder-el-3  avia-builder-el-no-sibling  av-inherit-size'><h1 class='av-special-heading-tag'  itemprop=\"headline\"  >Reducci\u00f3 de mames<\/h1><div class='av-subheading av-subheading_below'><p>Tractaments Corporals: mames<\/p>\n<\/div><div class=\"special-heading-border\"><div class=\"special-heading-inner-border\"><\/div><\/div><\/div><\/div>\n<style type=\"text\/css\" data-created_by=\"avia_inline_auto\" id=\"style-css-av-306hie-3fb200c9d22fb1b1ed7793714440e285\">\n.flex_column.av-306hie-3fb200c9d22fb1b1ed7793714440e285{\nborder-radius:0px 0px 0px 0px;\n-webkit-border-radius:0px 0px 0px 0px;\n-moz-border-radius:0px 0px 0px 0px;\n}\n<\/style>\n<div class='flex_column av-306hie-3fb200c9d22fb1b1ed7793714440e285 av_one_fourth  avia-builder-el-4  el_after_av_one_half  avia-builder-el-last  flex_column_div av-zero-column-padding '   ><\/div><\/div><\/div><\/main><!-- close content main element --><\/div><\/div><\/div>\n<style type=\"text\/css\" data-created_by=\"avia_inline_auto\" id=\"style-css-av-2bd50m-d7f28889812d203f5a44d6998992e6a8\">\n.avia-section.av-2bd50m-d7f28889812d203f5a44d6998992e6a8{\nbackground-color:#fcfcfc;\nbackground-image:unset;\n}\n<\/style>\n<div id='av_section_2'  class='avia-section av-2bd50m-d7f28889812d203f5a44d6998992e6a8 main_color avia-section-default avia-no-border-styling  avia-builder-el-5  el_after_av_section  el_before_av_heading  avia-bg-style-scroll container_wrap sidebar_right'  ><div class='container av-section-cont-open' ><div class='template-page content  av-content-small alpha units'><div class='post-entry post-entry-type-page post-entry-1562'><div class='entry-content-wrapper clearfix'>\n\n<style type=\"text\/css\" data-created_by=\"avia_inline_auto\" id=\"style-css-av-7t2zau-6f2cb7d50f1e0c1fa52bba3e9d56b1bc\">\n.flex_column.av-7t2zau-6f2cb7d50f1e0c1fa52bba3e9d56b1bc{\nborder-width:1px;\nborder-style:solid;\nborder-radius:20px 20px 20px 20px;\n-webkit-border-radius:20px 20px 20px 20px;\n-moz-border-radius:20px 20px 20px 20px;\npadding:20px 20px 20px 20px;\nbackground-color:#ffffff;\n}\n<\/style>\n<div class='flex_column av-7t2zau-6f2cb7d50f1e0c1fa52bba3e9d56b1bc av_two_third  avia-builder-el-6  el_before_av_one_third  avia-builder-el-first  first flex_column_div '   ><style type=\"text\/css\" data-created_by=\"avia_inline_auto\" id=\"style-css-av-jinjdjht-061e59e7ba3717143748c7782f639fe7\">\n#top .av_textblock_section.av-jinjdjht-061e59e7ba3717143748c7782f639fe7 .avia_textblock{\nfont-size:16px;\n}\n<\/style>\n<section  class='av_textblock_section av-jinjdjht-061e59e7ba3717143748c7782f639fe7'  itemscope=\"itemscope\" itemtype=\"https:\/\/schema.org\/CreativeWork\" ><div class='avia_textblock'  itemprop=\"text\" ><p style=\"text-align: justify;\"><strong>Reducci\u00f3 de mames<\/strong><\/p>\n<p style=\"text-align: justify;\">La reducci\u00f3 de mames o mamoplastia de reducci\u00f3 \u00e9s un procediment quir\u00fargic per disminuir la grand\u00e0ria de les mames, mitjan\u00e7ant l&#8217;extirpaci\u00f3\u00a0de greix, teixit mamari i pell, fent-les m\u00e9s petites, lleugeres i\u00a0fermes. La finalitat de la mamoplastia de reducci\u00f3 \u00e9s proporcionar a la dona uns pits m\u00e9s petits i amb una forma m\u00e9s proporcional a la\u00a0resta del seu cos..<\/p>\n<p style=\"text-align: justify;\">Hi ha diferents t\u00e8cniques que s&#8217;utilitzen en funci\u00f3 de la grand\u00e0ria del pit, edat de la pacient, etc.,.<\/p>\n<p style=\"text-align: justify;\">La intervenci\u00f3 es realitza sota anest\u00e8sia general, i el cirurgi\u00e0 extirpa la\u00a0pell, la gl\u00e0ndula i el greix excessiu, situa el mugr\u00f3 en la seva localitzaci\u00f3\u00a0correcta i despr\u00e9s remodela la mama.<\/p>\n<p style=\"text-align: justify;\">Moltes dones que se sotmeten a aquesta intervenci\u00f3 estan preocupades per l&#8217;excessiu volum del seu pit que interfereix amb moltes activitats i causa mol\u00e8sties f\u00edsiques.<\/p>\n<p style=\"text-align: justify;\">Durant la primera consulta, el cirurgi\u00e0 pl\u00e0stic avaluar\u00e0 la grand\u00e0ria i la\u00a0forma de les mames, la fermesa de la pell i el seu estat general de salut. Es\u00a0realitzar\u00e0 a m\u00e9s una exploraci\u00f3 de mames i en alguns casos se sol\u00b7licitar\u00e0\u00a0un estudi mamogr\u00e1fic. Se li explicaran les diferents t\u00e8cniques quir\u00fargiques,\u00a0es discutir\u00e0 la grand\u00e0ria i la forma que tindran la seva mames i les opcions o la<\/p>\n<p style=\"text-align: justify;\">combinaci\u00f3 de procediments que siguin millor per a vost\u00e8. Tamb\u00e9 se li explicar\u00e0 quin \u00e9s el tipus d&#8217;anest\u00e8sia que s&#8217;emprar\u00e0, la necessitat o no d&#8217;ingressar en la cl\u00ednica on es realitzi la cirurgia i els costos de la\u00a0intervenci\u00f3.<\/p>\n<p style=\"text-align: justify;\">No oblidi explicar si \u00e9s fumadora o pren alguna medicaci\u00f3 o vitamina, el nombre d&#8217;embarassos previs i si pensa tornar a quedar-se embarassada o\u00a0donar de mamar.<\/p>\n<p style=\"text-align: justify;\"><strong>La intervenci\u00f3<\/strong><\/p>\n<p style=\"text-align: justify;\">La cirurgia de reducci\u00f3 mam\u00e0ria es realitza en un quir\u00f2fan, dins d&#8217;una cl\u00ednica o hospital. Sol ser prec\u00eds l&#8217;ingr\u00e9s, donant-se l&#8217;alta l&#8217;endem\u00e0\u00a0en el cas de l&#8217;augment mamari i la mastopexia, i als 2 o 3<\/p>\n<p style=\"text-align: justify;\">dies en el cas de la reducci\u00f3.<\/p>\n<p style=\"text-align: justify;\">La cirurgia es realitza sota anest\u00e8sia general, romanent el pacient dormit durant l&#8217;operaci\u00f3.<\/p>\n<p style=\"text-align: justify;\">Una reducci\u00f3 mam\u00e0ria dura entre 2 i 4 hores, encara que en determinats\u00a0casos pot allargar-se. Existeixen diverses t\u00e8cniques, per\u00f2 generalment les\u00a0incisions tenen forma d&#8217;ancora col\u00b7locant-se al voltant de la areola, en una\u00a0l\u00ednia vertical cap avall des de la areola i en una l\u00ednia horitzontal en el solc que hi ha sota el la mama. A trav\u00e9s d&#8217;aquestes incisions s&#8217;extirpa l&#8217;exc\u00e9s\u00a0de pell, grassa i teixit mamari i es recol\u00b7loca la areola i el mugr\u00f3 en\u00a0la seva nova posici\u00f3; en alguns casos es pot associar liposucci\u00f3n. En\u00a0la majoria dels casos la areola es mant\u00e9 unida als seus gots sanguinis i al seu nervis, mantenint la sensaci\u00f3 normal o gaireb\u00e9 normal; no obstant aix\u00f2,\u00a0en casos de grans reduccions pot ser necessari separar\u00a0completament la areola i situar-la en la seva nova posici\u00f3, perdent la sensaci\u00f3. Despr\u00e9s de la cirurgia es col\u00b7loquen uns tubs de drenatge i un embenatge\u00a0al voltant de les mames.<\/p>\n<p style=\"text-align: justify;\">La areola \u00e9s col\u00b7locada en una posici\u00f3 m\u00e9s adequada i l&#8217;exc\u00e9s de\u00a0gl\u00e0ndula mam\u00e0ria \u00e9s eliminat. Les cicatrius s\u00f3n permanents encara que el seu\u00a0aspecte millorar\u00e0 amb el temps.<\/p>\n<p style=\"text-align: justify;\"><strong>Despr\u00e9s de la cirurgia\u00a0<\/strong><\/p>\n<p style=\"text-align: justify;\">Despr\u00e9s de la cirurgia de mames \u00e9s normal trobar-se alguna cosa cansada uns dies, per\u00f2 podr\u00e0 fer vida gaireb\u00e9 normal a les 24-48 hores. La majoria de les\u00a0mol\u00e8sties se suporten b\u00e9 amb la medicaci\u00f3 prescrita pel seu cirurgi\u00e0\u00a0pl\u00e0stic, encara que les mames poden doldre un parell de setmanes; la primera\u00a0menstruaci\u00f3 despr\u00e9s d&#8217;una reducci\u00f3 pot fer que les mames s&#8217;inflin i dolguin. L&#8217;embenatge o els ap\u00f2sits seran retirats en uns dies, sent\u00a0substitu\u00efts per un sostenidor especial, que haur\u00e0 de portar de la manera que li\u00a0indiqui el seu cirurgi\u00e0. \u00c9s normal tenir una sensaci\u00f3 de cremor en els mugrons<\/p>\n<p style=\"text-align: justify;\">durant les dues primeres setmanes.<\/p>\n<p style=\"text-align: justify;\">Despr\u00e9s de la reducci\u00f3 pot ser normal tenir una disminuci\u00f3 de sensaci\u00f3 en els mugrons; aquesta situaci\u00f3 \u00e9s generalment temporal, excepte en algunes\u00a0reduccions que pot ser definitiva. Els punts es retiren entre els 7 i 14\u00a0dies; l&#8217;edema no cedeix completament fins a les 3 o 6 setmanes.<\/p>\n<p style=\"text-align: justify;\">Despr\u00e9s d&#8217;una reducci\u00f3 mam\u00e0ria podr\u00e0 tornar al treball en 2 o 3 setmanes, encara que en pocs dies podr\u00e0 fer vida gaireb\u00e9 normal. Ha de limitar les\u00a0activitats f\u00edsiques fortes durant unes setmanes, fins que es recuperi de l&#8217;operaci\u00f3.\u00a0Durant 1 o 2 setmanes \u00e9s convenient evitar les relacions sexuals perqu\u00e8 no s&#8217;inflamin les incisions; durant 3 o 4 setmanes\u00a0eviti el contacte f\u00edsic intens de les mames. \u00c9s normal que apareguin\u00a0petites crostes o una mica de l\u00edquid a trav\u00e9s de les incisiones.la cirurgia de reducci\u00f3 de les mames \u00e9s una t\u00e8cnica segura, sempre que sigui realitzada per un cirurgi\u00e0 pl\u00e0stic qualificat. No obstant aix\u00f2, com en qualsevol operaci\u00f3 sempre poden existir complicacions i riscos<\/p>\n<p style=\"text-align: justify;\">associats.<\/p>\n<p style=\"text-align: justify;\">La reducci\u00f3 mam\u00e0ria deixen cicatrius permanents i visibles, encara que disimulables sota el sostenidor o el bikini. Els problemes de cicatritzaci\u00f3\u00a0s\u00f3n m\u00e9s freq\u00fcents en fumadors. Alguns pacients poden experimentar\u00a0una disminuci\u00f3 parcial, i en ocasions, total de la sensibilitat del mugr\u00f3.<\/p>\n<p style=\"text-align: justify;\">Despr\u00e9s d&#8217;una reducci\u00f3 pot veure&#8217;s afectada la capacitat de donar de mamar.<\/p>\n<p style=\"text-align: justify;\"><strong>Els resultats<\/strong><\/p>\n<p style=\"text-align: justify;\">\u00c9s important recordar que despr\u00e9s d&#8217;una reducci\u00f3 les cicatrius s\u00f3n importants i permanents, encara que el seu cirurgi\u00e0 pl\u00e0stic far\u00e0 el possible per\u00a0que es notin el menys possible. Amb el temps, les cicatrius aniran notant-se\u00a0menys.<\/p>\n<p style=\"text-align: justify;\">Despr\u00e9s d&#8217;una reducci\u00f3 mam\u00e0ria passaran uns mesos fins que les seves mames adquireixin l&#8217;aspecte definitiu; encara aix\u00ed, les mames canviaran davant els\u00a0est\u00edmuls hormonals normals, l&#8217;embar\u00e0s o els canvis de pes. Pot\u00a0necessitar una mica de temps fins a acostumar-se a la seva nova imatge corporal.<\/p>\n<p style=\"text-align: justify;\">Si les seves expectatives s\u00f3n realistes vost\u00e8 estar\u00e0 molt satisfeta amb el resultat de la reducci\u00f3 de mames.<\/p>\n<\/div><\/section><\/div>\n<style type=\"text\/css\" data-created_by=\"avia_inline_auto\" id=\"style-css-av-5prn9y-4a42cbc06ba440806ac4aa62cda3c7e4\">\n.flex_column.av-5prn9y-4a42cbc06ba440806ac4aa62cda3c7e4{\nborder-width:1px;\nborder-color:#fcfcfc;\nborder-style:solid;\nborder-radius:0px 0px 0px 0px;\n-webkit-border-radius:0px 0px 0px 0px;\n-moz-border-radius:0px 0px 0px 0px;\npadding:10px 10px 10px 10px;\nbackground-color:#fcfcfc;\n}\n<\/style>\n<div class='flex_column av-5prn9y-4a42cbc06ba440806ac4aa62cda3c7e4 av_one_third  avia-builder-el-8  el_after_av_two_third  avia-builder-el-last  flex_column_div '   ><p><div  class='avia-video av-3lfnt2-34f6467c16ae62cec25694dda0c7045f avia-video-16-9 av-no-preview-image avia-video-load-always av-lazyload-immediate av-lazyload-video-embed'  itemprop=\"video\" itemtype=\"https:\/\/schema.org\/VideoObject\"  data-original_url='https:\/\/www.youtube.com\/watch?v=f3lZT-NLG-A'><script type='text\/html' class='av-video-tmpl'><div class='avia-iframe-wrap'><iframe loading=\"lazy\" width=\"1500\" height=\"844\" src=\"https:\/\/www.youtube.com\/embed\/f3lZT-NLG-A?feature=oembed&autoplay=0&loop=0&controls=1&mute=0\" frameborder=\"0\" allow=\"autoplay; encrypted-media\" allowfullscreen><\/iframe><\/div><\/script><div class='av-click-to-play-overlay'><div class=\"avia_playpause_icon\"><\/div><\/div><\/div><br \/>\n<section  class='av_textblock_section av-jinkfhyf-b8e0b6c057bf63655f15137223f1eac7'  itemscope=\"itemscope\" itemtype=\"https:\/\/schema.org\/CreativeWork\" ><div class='avia_textblock'  itemprop=\"text\" ><p style=\"text-align: center;\">Dr.Joan Pallar\u00e8s<\/p>\n<\/div><\/section><br \/>\n<div  class='hr av-9oqwm-3ffea69ddba58eb099ef009272344f03 hr-default  avia-builder-el-11  el_after_av_textblock  el_before_av_textblock '><span class='hr-inner '><span class=\"hr-inner-style\"><\/span><\/span><\/div><br \/>\n<section  class='av_textblock_section av-jjbl0nd7-cabcf0f1994a2ef9145902aae1d6b3b0'  itemscope=\"itemscope\" itemtype=\"https:\/\/schema.org\/CreativeWork\" ><div class='avia_textblock'  itemprop=\"text\" ><div role=\"form\" class=\"wpcf7\" id=\"wpcf7-f1484-o1\" lang=\"es-ES\" dir=\"ltr\">\n<div class=\"screen-reader-response\"><p role=\"status\" aria-live=\"polite\" aria-atomic=\"true\"><\/p> <ul><\/ul><\/div>\n<form action=\"\/ca\/wp-json\/wp\/v2\/pages\/1562#wpcf7-f1484-o1\" method=\"post\" class=\"wpcf7-form init\" novalidate=\"novalidate\" data-status=\"init\">\n<div style=\"display: none;\">\n<input type=\"hidden\" name=\"_wpcf7\" value=\"1484\" \/>\n<input type=\"hidden\" name=\"_wpcf7_version\" value=\"5.6.4\" \/>\n<input type=\"hidden\" name=\"_wpcf7_locale\" value=\"es_ES\" \/>\n<input type=\"hidden\" name=\"_wpcf7_unit_tag\" value=\"wpcf7-f1484-o1\" \/>\n<input type=\"hidden\" name=\"_wpcf7_container_post\" value=\"0\" \/>\n<input type=\"hidden\" name=\"_wpcf7_posted_data_hash\" value=\"\" \/>\n<\/div>\n<p><label>  El teu nom (requerit)<br \/>\n    <span class=\"wpcf7-form-control-wrap\" data-name=\"your-name\"><input type=\"text\" name=\"your-name\" value=\"\" size=\"40\" class=\"wpcf7-form-control wpcf7-text wpcf7-validates-as-required\" aria-required=\"true\" aria-invalid=\"false\" \/><\/span> <\/label><\/p>\n<p><label> El teu correu electr\u00f2nic (requerit)<br \/>\n    <span class=\"wpcf7-form-control-wrap\" data-name=\"your-email\"><input type=\"email\" name=\"your-email\" value=\"\" size=\"40\" class=\"wpcf7-form-control wpcf7-text wpcf7-email wpcf7-validates-as-required wpcf7-validates-as-email\" aria-required=\"true\" aria-invalid=\"false\" \/><\/span> <\/label><\/p>\n<p><label>  Assumpte<br \/>\n    <span class=\"wpcf7-form-control-wrap\" data-name=\"your-subject\"><input type=\"text\" name=\"your-subject\" value=\"\" size=\"40\" class=\"wpcf7-form-control wpcf7-text\" aria-invalid=\"false\" \/><\/span> <\/label><\/p>\n<p><label> El teu missatge<br \/>\n    <span class=\"wpcf7-form-control-wrap\" data-name=\"your-message\"><textarea name=\"your-message\" cols=\"40\" rows=\"10\" class=\"wpcf7-form-control wpcf7-textarea\" aria-invalid=\"false\"><\/textarea><\/span> <\/label><\/p>\n<p><label><span class=\"wpcf7-form-control-wrap\" data-name=\"acceptance-363\"><span class=\"wpcf7-form-control wpcf7-acceptance\"><span class=\"wpcf7-list-item\"><input type=\"checkbox\" name=\"acceptance-363\" value=\"1\" aria-invalid=\"false\" \/><\/span><\/span><\/span> Estic d'acord amb la <a target=\"_blank\" href=\"https:\/\/www.joanpallaresserrano.com\/politica-de-privacidad\/\" rel=\"noopener\"> pol\u00edtica de privacitat <\/a><br \/>\n<\/label><\/p>\n<p><input type=\"submit\" value=\"Enviar\" class=\"wpcf7-form-control has-spinner wpcf7-submit\" \/><\/p>\n<p style=\"display: none !important;\" class=\"akismet-fields-container\" data-prefix=\"_wpcf7_ak_\"><label>&#916;<textarea name=\"_wpcf7_ak_hp_textarea\" cols=\"45\" rows=\"8\" maxlength=\"100\"><\/textarea><\/label><input type=\"hidden\" id=\"ak_js_1\" name=\"_wpcf7_ak_js\" value=\"182\"\/><script>document.getElementById( \"ak_js_1\" ).setAttribute( \"value\", ( new Date() ).getTime() );<\/script><\/p><div class=\"wpcf7-response-output\" aria-hidden=\"true\"><\/div><\/form><\/div>\n<\/div><\/section><\/p><\/div><\/div><\/div><\/div><!-- close content main div --><\/div><\/div><div id='after_section_2'  class='main_color av_default_container_wrap container_wrap sidebar_right'  ><div class='container av-section-cont-open' ><div class='template-page content  av-content-small alpha units'><div class='post-entry post-entry-type-page post-entry-1562'><div class='entry-content-wrapper clearfix'>\n<style type=\"text\/css\" data-created_by=\"avia_inline_auto\" id=\"style-css-av-jjcsl9sg-697890749c794fdec457ac02dacf0e4f\">\n#top .av-special-heading.av-jjcsl9sg-697890749c794fdec457ac02dacf0e4f{\npadding-bottom:2px;\nfont-size:30px;\n}\nbody .av-special-heading.av-jjcsl9sg-697890749c794fdec457ac02dacf0e4f .av-special-heading-tag .heading-char{\nfont-size:25px;\n}\n#top #wrap_all .av-special-heading.av-jjcsl9sg-697890749c794fdec457ac02dacf0e4f .av-special-heading-tag{\nfont-size:30px;\n}\n.av-special-heading.av-jjcsl9sg-697890749c794fdec457ac02dacf0e4f .av-subheading{\nfont-size:15px;\n}\n<\/style>\n<div  class='av-special-heading av-jjcsl9sg-697890749c794fdec457ac02dacf0e4f av-special-heading-h3 blockquote modern-quote modern-centered  avia-builder-el-13  el_after_av_section  el_before_av_submenu  avia-builder-el-no-sibling  av-inherit-size'><h3 class='av-special-heading-tag'  itemprop=\"headline\"  >TRACTAMENTS CORPORALS: MAMAS<\/h3><div class=\"special-heading-border\"><div class=\"special-heading-inner-border\"><\/div><\/div><\/div><\/p>\n<\/div><\/div><\/div><!-- close content main div --><\/div><\/div><div class='clear'><\/div><div id='sub_menu1'  class='av-submenu-container av-jinkm5vu-39c7cfc36daa0a552f685e629d22a484 main_color  avia-builder-el-14  el_after_av_heading  avia-builder-el-last  av-sticky-submenu submenu-not-first container_wrap sidebar_right' style='z-index:301' ><div class='container av-menu-mobile-disabled av-submenu-pos-center'><ul id=\"menu-tratamientos-mamas-cat\" class=\"av-subnav-menu\"><li role=\"menuitem\" id=\"menu-item-1573\" class=\"menu-item menu-item-type-post_type menu-item-object-page av-menu-button av-menu-button-bordered menu-item-top-level menu-item-top-level-1\"><a href=\"https:\/\/www.joanpallaresserrano.com\/ca\/tractaments-i-operacions\/tractaments-corporals-mames\/mamoplastia-de-aumento\/\" itemprop=\"url\" tabindex=\"0\"><span class=\"avia-bullet\"><\/span><span class=\"avia-menu-text\">Mamopl\u00e0stia d&#8217;augment<\/span><span class=\"avia-menu-fx\"><span class=\"avia-arrow-wrap\"><span class=\"avia-arrow\"><\/span><\/span><\/span><\/a><\/li>\n<li role=\"menuitem\" id=\"menu-item-1574\" class=\"menu-item menu-item-type-post_type menu-item-object-page av-menu-button av-menu-button-bordered menu-item-top-level menu-item-top-level-2\"><a href=\"https:\/\/www.joanpallaresserrano.com\/ca\/tractaments-i-operacions\/tractaments-corporals-mames\/mamoplastia-reductora\/\" itemprop=\"url\" tabindex=\"0\"><span class=\"avia-bullet\"><\/span><span class=\"avia-menu-text\">Mamopl\u00e0stia reductora<\/span><span class=\"avia-menu-fx\"><span class=\"avia-arrow-wrap\"><span class=\"avia-arrow\"><\/span><\/span><\/span><\/a><\/li>\n<li role=\"menuitem\" id=\"menu-item-1575\" class=\"menu-item menu-item-type-post_type menu-item-object-page av-menu-button av-menu-button-bordered menu-item-top-level menu-item-top-level-3\"><a href=\"https:\/\/www.joanpallaresserrano.com\/ca\/tractaments-i-operacions\/tractaments-corporals-mames\/mastopexia-elevacion-de-mames-amb-i-sense-augment\/\" itemprop=\"url\" tabindex=\"0\"><span class=\"avia-bullet\"><\/span><span class=\"avia-menu-text\">Mastop\u00e8xia (elevaci\u00f3 de mames amb i sense augment)<\/span><span class=\"avia-menu-fx\"><span class=\"avia-arrow-wrap\"><span class=\"avia-arrow\"><\/span><\/span><\/span><\/a><\/li>\n<li role=\"menuitem\" id=\"menu-item-1572\" class=\"menu-item menu-item-type-post_type menu-item-object-page av-menu-button av-menu-button-bordered menu-item-top-level menu-item-top-level-4\"><a href=\"https:\/\/www.joanpallaresserrano.com\/ca\/tractaments-i-operacions\/tractaments-corporals-mames\/ginecomastia\/\" itemprop=\"url\" tabindex=\"0\"><span class=\"avia-bullet\"><\/span><span class=\"avia-menu-text\">Ginecomastia<\/span><span class=\"avia-menu-fx\"><span class=\"avia-arrow-wrap\"><span class=\"avia-arrow\"><\/span><\/span><\/span><\/a><\/li>\n<li role=\"menuitem\" id=\"menu-item-1571\" class=\"menu-item menu-item-type-post_type menu-item-object-page av-menu-button av-menu-button-bordered menu-item-top-level menu-item-top-level-5\"><a href=\"https:\/\/www.joanpallaresserrano.com\/ca\/tractaments-i-operacions\/tractaments-corporals-mames\/cambio-de-protesis\/\" itemprop=\"url\" tabindex=\"0\"><span class=\"avia-bullet\"><\/span><span class=\"avia-menu-text\">Canvi de pr\u00f2tesis<\/span><span class=\"avia-menu-fx\"><span class=\"avia-arrow-wrap\"><span class=\"avia-arrow\"><\/span><\/span><\/span><\/a><\/li>\n<\/ul><\/div><\/div><div class='sticky_placeholder'><\/div>\n","protected":false},"excerpt":{"rendered":"","protected":false},"author":1,"featured_media":0,"parent":1543,"menu_order":0,"comment_status":"closed","ping_status":"closed","template":"","meta":{"footnotes":""},"class_list":["post-1562","page","type-page","status-publish","hentry"],"_links":{"self":[{"href":"https:\/\/www.joanpallaresserrano.com\/ca\/wp-json\/wp\/v2\/pages\/1562","targetHints":{"allow":["GET"]}}],"collection":[{"href":"https:\/\/www.joanpallaresserrano.com\/ca\/wp-json\/wp\/v2\/pages"}],"about":[{"href":"https:\/\/www.joanpallaresserrano.com\/ca\/wp-json\/wp\/v2\/types\/page"}],"author":[{"embeddable":true,"href":"https:\/\/www.joanpallaresserrano.com\/ca\/wp-json\/wp\/v2\/users\/1"}],"replies":[{"embeddable":true,"href":"https:\/\/www.joanpallaresserrano.com\/ca\/wp-json\/wp\/v2\/comments?post=1562"}],"version-history":[{"count":3,"href":"https:\/\/www.joanpallaresserrano.com\/ca\/wp-json\/wp\/v2\/pages\/1562\/revisions"}],"predecessor-version":[{"id":1565,"href":"https:\/\/www.joanpallaresserrano.com\/ca\/wp-json\/wp\/v2\/pages\/1562\/revisions\/1565"}],"up":[{"embeddable":true,"href":"https:\/\/www.joanpallaresserrano.com\/ca\/wp-json\/wp\/v2\/pages\/1543"}],"wp:attachment":[{"href":"https:\/\/www.joanpallaresserrano.com\/ca\/wp-json\/wp\/v2\/media?parent=1562"}],"curies":[{"name":"wp","href":"https:\/\/api.w.org\/{rel}","templated":true}]}}