{"id":1502,"date":"2018-07-07T17:04:46","date_gmt":"2018-07-07T17:04:46","guid":{"rendered":"http:\/\/www.joanpallaresserrano.com\/?page_id=1502"},"modified":"2018-07-07T17:04:46","modified_gmt":"2018-07-07T17:04:46","slug":"cirurgia-de-lobesitat-despres-de-gran-reduccio-de-pes","status":"publish","type":"page","link":"https:\/\/www.joanpallaresserrano.com\/ca\/tractaments-i-operacions\/cirurgia-de-lobesitat-despres-de-gran-reduccio-de-pes\/","title":{"rendered":"Cirurgia de l&#8217;Obesitat (despr\u00e9s de gran reducci\u00f3 de pes)"},"content":{"rendered":"\n<style type=\"text\/css\" data-created_by=\"avia_inline_auto\" id=\"style-css-av-jjbnsb6x-0be47ec5f109761f92eb14c39ded4c7f\">\n#top .av-special-heading.av-jjbnsb6x-0be47ec5f109761f92eb14c39ded4c7f{\npadding-bottom:10px;\nfont-size:40px;\n}\nbody .av-special-heading.av-jjbnsb6x-0be47ec5f109761f92eb14c39ded4c7f .av-special-heading-tag .heading-char{\nfont-size:25px;\n}\n#top #wrap_all .av-special-heading.av-jjbnsb6x-0be47ec5f109761f92eb14c39ded4c7f .av-special-heading-tag{\nfont-size:40px;\n}\n.av-special-heading.av-jjbnsb6x-0be47ec5f109761f92eb14c39ded4c7f .av-subheading{\nfont-size:15px;\n}\n<\/style>\n<div  class='av-special-heading av-jjbnsb6x-0be47ec5f109761f92eb14c39ded4c7f av-special-heading-h2 blockquote modern-quote modern-centered  avia-builder-el-0  el_before_av_hr  avia-builder-el-first  av-inherit-size'><h2 class='av-special-heading-tag'  itemprop=\"headline\"  > Cirurgia de l\u2019Obesitat (despr\u00e9s de gran reducci\u00f3 de pes)<\/h2><div class=\"special-heading-border\"><div class=\"special-heading-inner-border\"><\/div><\/div><\/div>\n\n<style type=\"text\/css\" data-created_by=\"avia_inline_auto\" id=\"style-css-av-jj9qc770-68c93fc2da0fd0a9684fd22a08c9d998\">\n#top .hr.av-jj9qc770-68c93fc2da0fd0a9684fd22a08c9d998{\nmargin-top:30px;\nmargin-bottom:30px;\n}\n.hr.av-jj9qc770-68c93fc2da0fd0a9684fd22a08c9d998 .hr-inner{\nwidth:50px;\nborder-color:#7bb0e7;\nmax-width:45%;\n}\n.hr.av-jj9qc770-68c93fc2da0fd0a9684fd22a08c9d998 .av-seperator-icon{\ncolor:#7bb0e7;\n}\n<\/style>\n<div  class='hr av-jj9qc770-68c93fc2da0fd0a9684fd22a08c9d998 hr-custom  avia-builder-el-1  el_after_av_heading  el_before_av_one_fourth  hr-center hr-icon-yes'><span class='hr-inner inner-border-av-border-thin'><span class=\"hr-inner-style\"><\/span><\/span><span class='av-seperator-icon' aria-hidden='true' data-av_icon='\ue87b' data-av_iconfont='entypo-fontello'><\/span><span class='hr-inner inner-border-av-border-thin'><span class=\"hr-inner-style\"><\/span><\/span><\/div>\n\n<style type=\"text\/css\" data-created_by=\"avia_inline_auto\" id=\"style-css-av-cmi05-582b455b7b6161f4a0f52bc8698c4c28\">\n.flex_column.av-cmi05-582b455b7b6161f4a0f52bc8698c4c28{\nborder-radius:0px 0px 0px 0px;\n-webkit-border-radius:0px 0px 0px 0px;\n-moz-border-radius:0px 0px 0px 0px;\n}\n<\/style>\n<div class='flex_column av-cmi05-582b455b7b6161f4a0f52bc8698c4c28 av_one_fourth  avia-builder-el-2  el_after_av_hr  el_before_av_one_half  first flex_column_div av-zero-column-padding '   ><\/div>\n\n<style type=\"text\/css\" data-created_by=\"avia_inline_auto\" id=\"style-css-av-cmi05-4fc2e2266db6b533c9206ab5303e584b\">\n.flex_column.av-cmi05-4fc2e2266db6b533c9206ab5303e584b{\nborder-width:1px;\nborder-color:#efefef;\nborder-style:solid;\nborder-radius:0px 20px 0px 20px;\n-webkit-border-radius:0px 20px 0px 20px;\n-moz-border-radius:0px 20px 0px 20px;\npadding:20px 20px 20px 20px;\nbackground-color:#f9f9f9;\n}\n<\/style>\n<div class='flex_column av-cmi05-4fc2e2266db6b533c9206ab5303e584b av_one_half  avia-builder-el-3  el_after_av_one_fourth  el_before_av_one_fourth  flex_column_div '   ><style type=\"text\/css\" data-created_by=\"avia_inline_auto\" id=\"style-css-av-jj9qk5dk-3bbfb1d15abdc85542596b13a36d1f3c\">\n#top .av_textblock_section.av-jj9qk5dk-3bbfb1d15abdc85542596b13a36d1f3c .avia_textblock{\nfont-size:18px;\n}\n<\/style>\n<section  class='av_textblock_section av-jj9qk5dk-3bbfb1d15abdc85542596b13a36d1f3c'  itemscope=\"itemscope\" itemtype=\"https:\/\/schema.org\/CreativeWork\" ><div class='avia_textblock'  itemprop=\"text\" ><div id=\"mw-content-text\" dir=\"ltr\" lang=\"es\">\n<p><strong>Abdominopl\u00e0stia<\/strong> o cirurgia de l&#8217;abdomen, \u00e9s un procediment quir\u00fargic que ajuda a reconstruir la paret abdominal, i es realitza mitjan\u00e7ant la intervenci\u00f3 quir\u00fargica que elimina l&#8217;exc\u00e9s de pell, l&#8217;exc\u00e9s de greix i recupera la tensi\u00f3 dels m\u00fasculs de la paret abdominal amb l&#8217;objectiu final de remodelar l&#8217;abdomen, la cintura i la forma del tronc del cos.<\/p>\n<\/div>\n<\/div><\/section><\/div>\n<style type=\"text\/css\" data-created_by=\"avia_inline_auto\" id=\"style-css-av-cmi05-81f683614dc28fef9613110aca072ef4\">\n.flex_column.av-cmi05-81f683614dc28fef9613110aca072ef4{\nborder-radius:0px 0px 0px 0px;\n-webkit-border-radius:0px 0px 0px 0px;\n-moz-border-radius:0px 0px 0px 0px;\n}\n<\/style>\n<div class='flex_column av-cmi05-81f683614dc28fef9613110aca072ef4 av_one_fourth  avia-builder-el-5  el_after_av_one_half  avia-builder-el-last  flex_column_div av-zero-column-padding '   ><\/div><\/p>\n","protected":false},"excerpt":{"rendered":"","protected":false},"author":1,"featured_media":0,"parent":1497,"menu_order":0,"comment_status":"closed","ping_status":"closed","template":"","meta":{"footnotes":""},"class_list":["post-1502","page","type-page","status-publish","hentry"],"_links":{"self":[{"href":"https:\/\/www.joanpallaresserrano.com\/ca\/wp-json\/wp\/v2\/pages\/1502","targetHints":{"allow":["GET"]}}],"collection":[{"href":"https:\/\/www.joanpallaresserrano.com\/ca\/wp-json\/wp\/v2\/pages"}],"about":[{"href":"https:\/\/www.joanpallaresserrano.com\/ca\/wp-json\/wp\/v2\/types\/page"}],"author":[{"embeddable":true,"href":"https:\/\/www.joanpallaresserrano.com\/ca\/wp-json\/wp\/v2\/users\/1"}],"replies":[{"embeddable":true,"href":"https:\/\/www.joanpallaresserrano.com\/ca\/wp-json\/wp\/v2\/comments?post=1502"}],"version-history":[{"count":2,"href":"https:\/\/www.joanpallaresserrano.com\/ca\/wp-json\/wp\/v2\/pages\/1502\/revisions"}],"predecessor-version":[{"id":1504,"href":"https:\/\/www.joanpallaresserrano.com\/ca\/wp-json\/wp\/v2\/pages\/1502\/revisions\/1504"}],"up":[{"embeddable":true,"href":"https:\/\/www.joanpallaresserrano.com\/ca\/wp-json\/wp\/v2\/pages\/1497"}],"wp:attachment":[{"href":"https:\/\/www.joanpallaresserrano.com\/ca\/wp-json\/wp\/v2\/media?parent=1502"}],"curies":[{"name":"wp","href":"https:\/\/api.w.org\/{rel}","templated":true}]}}